{"id":10,"date":"2015-01-09T19:45:58","date_gmt":"2015-01-09T19:45:58","guid":{"rendered":"https:\/\/2015.buenosaires.wordcamp.org\/organizers\/"},"modified":"2015-03-20T00:56:50","modified_gmt":"2015-03-20T00:56:50","slug":"organizers","status":"publish","type":"page","link":"https:\/\/buenosaires.wordcamp.org\/2015\/organizers\/","title":{"rendered":"Organizadores"},"content":{"rendered":"\t<div class=\"wcorg-organizers\">\n\n\t\t\n\t\t\t<div class=\"wcorg-organizer\">\n\t\t\t\t<h2>Leandro Nahuel Padula<\/h2>\n\t\t\t\t<div class=\"wcorg-organizer-description\">\n\t\t\t\t\t\t\t\t\t\t<img alt='' src='https:\/\/secure.gravatar.com\/avatar\/25d448031cebcb60766592da17fbf7c34f28bdd2342c948afeef83674e648588?s=100&#038;d=mm&#038;r=pg' srcset='https:\/\/secure.gravatar.com\/avatar\/25d448031cebcb60766592da17fbf7c34f28bdd2342c948afeef83674e648588?s=200&#038;d=mm&#038;r=pg 2x' class='avatar avatar-100 photo' height='100' width='100' \/>\t\t\t\t\t<p>CEO y Co-Fundador de <a href=\"http:\/\/www.broobe.com\/\" rel=\"nofollow\">Broobe<\/a>. Ingeniero en Sistemas con pasi\u00f3n por el mundo web, emprendedor, gamer y futbolero.<\/p>\n\t\t\t\t<\/div>\n\t\t\t<\/div>\n\n\t\t\n\t\t\t<div class=\"wcorg-organizer\">\n\t\t\t\t<h2>Juan Francisco Pacchiotti<\/h2>\n\t\t\t\t<div class=\"wcorg-organizer-description\">\n\t\t\t\t\t\t\t\t\t\t<img alt='' src='https:\/\/secure.gravatar.com\/avatar\/df02b1c3ee9f2f53c73d705b6df9616a1f4070b4efbcbbfdc72541203d848b60?s=100&#038;d=mm&#038;r=pg' srcset='https:\/\/secure.gravatar.com\/avatar\/df02b1c3ee9f2f53c73d705b6df9616a1f4070b4efbcbbfdc72541203d848b60?s=200&#038;d=mm&#038;r=pg 2x' class='avatar avatar-100 photo' height='100' width='100' \/>\t\t\t\t\t<p>Baterista. Dise\u00f1ador y desarrollador web. Fundador de <a href=\"http:\/\/dinoquo.com\/\">Dinoquo<\/a>. Trabaja con WordPress hace 10 a\u00f1os<\/p>\n\t\t\t\t<\/div>\n\t\t\t<\/div>\n\n\t\t\n\t\t\t<div class=\"wcorg-organizer\">\n\t\t\t\t<h2>Seraf\u00edn Danessa<\/h2>\n\t\t\t\t<div class=\"wcorg-organizer-description\">\n\t\t\t\t\t\t\t\t\t\t<img alt='' src='https:\/\/secure.gravatar.com\/avatar\/547890627a4b2d9a122e870e659bac5cb4ff7022fadfeb913bf9f94e4fe96ca7?s=100&#038;d=mm&#038;r=pg' srcset='https:\/\/secure.gravatar.com\/avatar\/547890627a4b2d9a122e870e659bac5cb4ff7022fadfeb913bf9f94e4fe96ca7?s=200&#038;d=mm&#038;r=pg 2x' class='avatar avatar-100 photo' height='100' width='100' \/>\t\t\t\t\t<p>Trabaja hace m\u00e1s de 4 a\u00f1os con todo tipo de proyectos en WordPress. Es co-fundador de <a href=\"http:\/\/ifstudio.co\/\" target=\"_blank\" rel=\"nofollow\">IFStudio<\/a>.<\/p>\n\t\t\t\t<\/div>\n\t\t\t<\/div>\n\n\t\t\n\t\t\t<div class=\"wcorg-organizer\">\n\t\t\t\t<h2>Ricardo Aiello<\/h2>\n\t\t\t\t<div class=\"wcorg-organizer-description\">\n\t\t\t\t\t\t\t\t\t\t<img alt='' src='https:\/\/secure.gravatar.com\/avatar\/6e053fa7e027f29c87fe3eaa567f26abef4fe20afc130232c78a1bfe4f795ef6?s=100&#038;d=mm&#038;r=pg' srcset='https:\/\/secure.gravatar.com\/avatar\/6e053fa7e027f29c87fe3eaa567f26abef4fe20afc130232c78a1bfe4f795ef6?s=200&#038;d=mm&#038;r=pg 2x' class='avatar avatar-100 photo' height='100' width='100' \/>\t\t\t\t\t<p>Analista, desarrollador y, de a ratos, m\u00fasico. Cre\u00f3 y lidera <a href=\"http:\/\/disonancias.com.ar\/\" target=\"_blank\">Disonancias<\/a>. Trabaja a diario en proyectos a medida basados en WordPress. <\/p>\n\t\t\t\t<\/div>\n\t\t\t<\/div>\n\n\t\t\n\t\t\t<div class=\"wcorg-organizer\">\n\t\t\t\t<h2>Elio Rivero<\/h2>\n\t\t\t\t<div class=\"wcorg-organizer-description\">\n\t\t\t\t\t\t\t\t\t\t<img alt='' src='https:\/\/secure.gravatar.com\/avatar\/110e75165c3d6e513c30364e25ab6939008a22cfed0a23e08cb70e95d24461fe?s=100&#038;d=mm&#038;r=pg' srcset='https:\/\/secure.gravatar.com\/avatar\/110e75165c3d6e513c30364e25ab6939008a22cfed0a23e08cb70e95d24461fe?s=200&#038;d=mm&#038;r=pg 2x' class='avatar avatar-100 photo' height='100' width='100' \/>\t\t\t\t\t<p>Dise\u00f1ador, desarrollador e ilustrador. WordPress Core Contributor. Es fundador de QueryLoop, donde desarrolla plugins y themes para WordPress.<\/p>\n\t\t\t\t<\/div>\n\t\t\t<\/div>\n\n\t\t\n\t\t\t<div class=\"wcorg-organizer\">\n\t\t\t\t<h2>Javier Schvindlerman<\/h2>\n\t\t\t\t<div class=\"wcorg-organizer-description\">\n\t\t\t\t\t\t\t\t\t\t<img alt='' src='https:\/\/secure.gravatar.com\/avatar\/ab2cf79488d4088811a5241d28000e6d0adc9c8235491c96d1148a7c21dae203?s=100&#038;d=mm&#038;r=pg' srcset='https:\/\/secure.gravatar.com\/avatar\/ab2cf79488d4088811a5241d28000e6d0adc9c8235491c96d1148a7c21dae203?s=200&#038;d=mm&#038;r=pg 2x' class='avatar avatar-100 photo' height='100' width='100' \/>\t\t\t\t\t<p>Co-fundador de <a href=\"https:\/\/artisanthemes.io\/\">Artisan Themes<\/a>. Desarrollador, consultor, stage manager y m\u00fasico.<\/p>\n\t\t\t\t<\/div>\n\t\t\t<\/div>\n\n\t\t\n\t\t\t<div class=\"wcorg-organizer\">\n\t\t\t\t<h2>Andr\u00e9s Villarreal<\/h2>\n\t\t\t\t<div class=\"wcorg-organizer-description\">\n\t\t\t\t\t\t\t\t\t\t<img alt='' src='https:\/\/secure.gravatar.com\/avatar\/4ea02cbebed2e47f2f4dfa28cd260e42049da93a09968599e8aea73a3c49c07b?s=100&#038;d=mm&#038;r=pg' srcset='https:\/\/secure.gravatar.com\/avatar\/4ea02cbebed2e47f2f4dfa28cd260e42049da93a09968599e8aea73a3c49c07b?s=200&#038;d=mm&#038;r=pg 2x' class='avatar avatar-100 photo' height='100' width='100' \/>\t\t\t\t\t<p>Programador, consultor, blogger y m\u00fasico. WordPress Core Contributor. Desarrollador de plugins y themes en <a href=\"http:\/\/nicethemes.com\" target=\"_blank\">NiceThemes<\/a>.<\/p>\n\t\t\t\t<\/div>\n\t\t\t<\/div>\n\n\t\t\n\t\t\t<div class=\"wcorg-organizer\">\n\t\t\t\t<h2>Mail\u00e9n Knoblovits<\/h2>\n\t\t\t\t<div class=\"wcorg-organizer-description\">\n\t\t\t\t\t\t\t\t\t\t<img alt='' src='https:\/\/secure.gravatar.com\/avatar\/ffae962e56af8a37f8248313a6bf27186e79c605f2706ce475be2c901ed4a9a7?s=100&#038;d=mm&#038;r=pg' srcset='https:\/\/secure.gravatar.com\/avatar\/ffae962e56af8a37f8248313a6bf27186e79c605f2706ce475be2c901ed4a9a7?s=200&#038;d=mm&#038;r=pg 2x' class='avatar avatar-100 photo' height='100' width='100' \/>\t\t\t\t\t<p><span style=\"font-weight: 400\">Licenciada en Comunicaci\u00f3n Social y dise\u00f1adora web. Co-fundadora de <a href=\"https:\/\/artisanthemes.io\/\">Artisan Themes<\/a>.<\/span><\/p>\n\t\t\t\t<\/div>\n\t\t\t<\/div>\n\n\t\t\n\t\t\t<div class=\"wcorg-organizer\">\n\t\t\t\t<h2>Juan Francisco Aldasoro<\/h2>\n\t\t\t\t<div class=\"wcorg-organizer-description\">\n\t\t\t\t\t\t\t\t\t\t<img alt='' src='https:\/\/secure.gravatar.com\/avatar\/f8f418aab55b09d54413662469ca9fb3199199a553f8c283d92e7a1a8b3416f6?s=100&#038;d=mm&#038;r=pg' srcset='https:\/\/secure.gravatar.com\/avatar\/f8f418aab55b09d54413662469ca9fb3199199a553f8c283d92e7a1a8b3416f6?s=200&#038;d=mm&#038;r=pg 2x' class='avatar avatar-100 photo' height='100' width='100' \/>\t\t\t\t\t<p>Desarrollador y fundador de <a href=\"http:\/\/nicethemes.com\" target=\"_blank\">NiceThemes<\/a>. Trabaj\u00f3 en distintos proyectos alrededor del mundo en los \u00faltimos 10 a\u00f1os.<\/p>\n\t\t\t\t<\/div>\n\t\t\t<\/div>\n\n\t\t\n\t\t\t<div class=\"wcorg-organizer\">\n\t\t\t\t<h2>Dami\u00e1n Su\u00e1rez<\/h2>\n\t\t\t\t<div class=\"wcorg-organizer-description\">\n\t\t\t\t\t\t\t\t\t\t<img alt='' src='https:\/\/secure.gravatar.com\/avatar\/9ff3405a86b8178158b444dc6b44fc3ef321c9641b6d95a769956e7b50c26909?s=100&#038;d=mm&#038;r=pg' srcset='https:\/\/secure.gravatar.com\/avatar\/9ff3405a86b8178158b444dc6b44fc3ef321c9641b6d95a769956e7b50c26909?s=200&#038;d=mm&#038;r=pg 2x' class='avatar avatar-100 photo' height='100' width='100' \/>\t\t\t\t\t<p>Programador y miembro de los equipos de\u00a0<a title=\"LearnBoost\" href=\"http:\/\/www.learnboost.com\/\">LearnBoost<\/a>,\u00a0<a title=\"Cloudup\" href=\"http:\/\/cloudup.com\/\">Cloudup<\/a> y <a href=\"http:\/\/wordpress.com\">WordPress.com<\/a>. Amante de JavaScript. Actualmente forma parte de <a href=\"http:\/\/automattic.com\" target=\"_blank\">Automattic<\/a>.<\/p>\n\t\t\t\t<\/div>\n\t\t\t<\/div>\n\n\t\t\n\t\t\t<div class=\"wcorg-organizer\">\n\t\t\t\t<h2>Pablo Capello<\/h2>\n\t\t\t\t<div class=\"wcorg-organizer-description\">\n\t\t\t\t\t\t\t\t\t\t<img alt='' src='https:\/\/secure.gravatar.com\/avatar\/09617ebc8ff47c57e9d24dad678929f62831cb07c77209b594fb0dea1260af60?s=100&#038;d=mm&#038;r=pg' srcset='https:\/\/secure.gravatar.com\/avatar\/09617ebc8ff47c57e9d24dad678929f62831cb07c77209b594fb0dea1260af60?s=200&#038;d=mm&#038;r=pg 2x' class='avatar avatar-100 photo' height='100' width='100' \/>\t\t\t\t\t<p>Dise\u00f1ador Multimedial. Co-Founder de <a href=\"http:\/\/aureaagency.com\/\">\u00c1urea Agency<\/a>, docente y coordinador acad\u00e9mico.<\/p>\n\t\t\t\t<\/div>\n\t\t\t<\/div>\n\n\t\t\n\t<\/div><!-- .wcorg-organizers -->\n\t\n","protected":false},"excerpt":{"rendered":"","protected":false},"author":9542367,"featured_media":0,"parent":0,"menu_order":0,"comment_status":"closed","ping_status":"open","template":"page-templates\/full-width.php","meta":{"jetpack_post_was_ever_published":false,"footnotes":""},"class_list":["post-10","page","type-page","status-publish","hentry"],"jetpack_sharing_enabled":true,"jetpack_shortlink":"https:\/\/wp.me\/P5BkXR-a","_links":{"self":[{"href":"https:\/\/buenosaires.wordcamp.org\/2015\/wp-json\/wp\/v2\/pages\/10","targetHints":{"allow":["GET"]}}],"collection":[{"href":"https:\/\/buenosaires.wordcamp.org\/2015\/wp-json\/wp\/v2\/pages"}],"about":[{"href":"https:\/\/buenosaires.wordcamp.org\/2015\/wp-json\/wp\/v2\/types\/page"}],"author":[{"embeddable":true,"href":"https:\/\/buenosaires.wordcamp.org\/2015\/wp-json\/wp\/v2\/users\/9542367"}],"replies":[{"embeddable":true,"href":"https:\/\/buenosaires.wordcamp.org\/2015\/wp-json\/wp\/v2\/comments?post=10"}],"version-history":[{"count":3,"href":"https:\/\/buenosaires.wordcamp.org\/2015\/wp-json\/wp\/v2\/pages\/10\/revisions"}],"predecessor-version":[{"id":128,"href":"https:\/\/buenosaires.wordcamp.org\/2015\/wp-json\/wp\/v2\/pages\/10\/revisions\/128"}],"wp:attachment":[{"href":"https:\/\/buenosaires.wordcamp.org\/2015\/wp-json\/wp\/v2\/media?parent=10"}],"curies":[{"name":"wp","href":"https:\/\/api.w.org\/{rel}","templated":true}]}}