{"id":11,"date":"2015-01-11T00:59:10","date_gmt":"2015-01-11T00:59:10","guid":{"rendered":"https:\/\/2015.buenosaires.wordcamp.org\/?page_id=11"},"modified":"2015-06-30T12:47:41","modified_gmt":"2015-06-30T15:47:41","slug":"tickets","status":"publish","type":"page","link":"https:\/\/buenosaires.wordcamp.org\/2015\/tickets\/","title":{"rendered":"Entradas"},"content":{"rendered":"<p>Ac\u00e1 pod\u00e9s comprar las entradas para el evento de manera directa con <strong>tarjeta de cr\u00e9dito<\/strong>. En caso de que prefieras comprar por medio de una <strong>transferencia bancaria<\/strong>, <a href=\"https:\/\/2015.buenosaires.wordcamp.org\/contacto\/\">contactanos<\/a> y te pasamos los datos para hacerlo.<\/p>\n<a href=\"https:\/\/buenosaires.wordcamp.org\/2015\/tickets\/\">Por favor, ve esta p\u00e1gina en un navegador para hacer una compra o gestionar entradas.<\/a>\n","protected":false},"excerpt":{"rendered":"<p>Ac\u00e1 pod\u00e9s comprar las entradas para el evento de manera directa con tarjeta de cr\u00e9dito. En caso de que prefieras comprar por medio de una transferencia bancaria, contactanos y te pasamos los datos para hacerlo.<\/p>\n","protected":false},"author":8981111,"featured_media":0,"parent":0,"menu_order":0,"comment_status":"closed","ping_status":"closed","template":"page-templates\/full-width.php","meta":{"jetpack_post_was_ever_published":false,"footnotes":""},"class_list":["post-11","page","type-page","status-publish","hentry"],"jetpack_sharing_enabled":true,"jetpack_shortlink":"https:\/\/wp.me\/P5BkXR-b","_links":{"self":[{"href":"https:\/\/buenosaires.wordcamp.org\/2015\/wp-json\/wp\/v2\/pages\/11","targetHints":{"allow":["GET"]}}],"collection":[{"href":"https:\/\/buenosaires.wordcamp.org\/2015\/wp-json\/wp\/v2\/pages"}],"about":[{"href":"https:\/\/buenosaires.wordcamp.org\/2015\/wp-json\/wp\/v2\/types\/page"}],"author":[{"embeddable":true,"href":"https:\/\/buenosaires.wordcamp.org\/2015\/wp-json\/wp\/v2\/users\/8981111"}],"replies":[{"embeddable":true,"href":"https:\/\/buenosaires.wordcamp.org\/2015\/wp-json\/wp\/v2\/comments?post=11"}],"version-history":[{"count":5,"href":"https:\/\/buenosaires.wordcamp.org\/2015\/wp-json\/wp\/v2\/pages\/11\/revisions"}],"predecessor-version":[{"id":1232,"href":"https:\/\/buenosaires.wordcamp.org\/2015\/wp-json\/wp\/v2\/pages\/11\/revisions\/1232"}],"wp:attachment":[{"href":"https:\/\/buenosaires.wordcamp.org\/2015\/wp-json\/wp\/v2\/media?parent=11"}],"curies":[{"name":"wp","href":"https:\/\/api.w.org\/{rel}","templated":true}]}}