{"id":812,"date":"2015-04-30T15:28:37","date_gmt":"2015-04-30T15:28:37","guid":{"rendered":"https:\/\/2015.buenosaires.wordcamp.org\/?page_id=812"},"modified":"2015-05-14T20:07:21","modified_gmt":"2015-05-14T20:07:21","slug":"programa","status":"publish","type":"page","link":"https:\/\/buenosaires.wordcamp.org\/2015\/programa\/","title":{"rendered":"Programa"},"content":{"rendered":"<p style=\"margin-bottom: 20px\">A continuaci\u00f3n pod\u00e9s ver el programa de charlas y horarios confirmados para el s\u00e1bado 30 de mayo. Vamos a contar con dos salas en simult\u00e1neo, con presentaciones dictadas por profesionales, tanto locales como internacionales, de WordPress y del mundo web en general. Pod\u00e9s ver el detalle de cada charla haciendo click en el nombre de la misma.<\/p>\n<p>Las totalidad de las charlas es en espa\u00f1ol.<\/p>\n<table class=\"wcpt-schedule\" border=\"0\"><thead><tr><th class=\"wcpt-col-time\">Hora<\/th><th class=\"wcpt-col-track\"> <span class=\"wcpt-track-name\">Hall<\/span> <span class=\"wcpt-track-description\"><\/span> <\/th><th class=\"wcpt-col-track\"> <span class=\"wcpt-track-name\">Sala 1<\/span> <span class=\"wcpt-track-description\"><\/span> <\/th><th class=\"wcpt-col-track\"> <span class=\"wcpt-track-name\">Sala 2<\/span> <span class=\"wcpt-track-description\"><\/span> <\/th><\/tr><\/thead><tbody><tr class=\"wcpt-time-900am\"><td class=\"wcpt-time\">9:00&nbsp;am<\/td><td colspan=\"1\" class=\"wcb-track-hall wcpt-session-type-session wcb-session-acreditacion-y-desayuno\" data-track-title=\"Hall\" data-session-id=\"847\"><div class=\"wcb-session-cell-content\"><a class=\"wcpt-session-title\" href=\"https:\/\/buenosaires.wordcamp.org\/2015\/session\/acreditacion-y-desayuno\/\">Acreditaci\u00f3n y desayuno<\/a><\/div><div class=\"wcb-session-favourite-icon\"><a href=\"#\" role=\"button\" class=\"fav-session-button\" aria-pressed=\"false\"><span class=\"screen-reader-text\">Sesi\u00f3n favorita: Acreditaci\u00f3n y desayuno<\/span><span class=\"dashicons dashicons-star-filled\"><\/span><\/a><\/div><\/td><td class=\"wcpt-session-empty\"><\/td><td class=\"wcpt-session-empty\"><\/td><\/tr><tr class=\"wcpt-time-945am\"><td class=\"wcpt-time\">9:45&nbsp;am<\/td><td class=\"wcpt-session-empty\"><\/td><td colspan=\"1\" class=\"wcb-track-sala-1 wcpt-session-type-session wcb-session-presentacion\" data-track-title=\"Sala 1\" data-session-id=\"849\"><div class=\"wcb-session-cell-content\"><a class=\"wcpt-session-title\" href=\"https:\/\/buenosaires.wordcamp.org\/2015\/session\/presentacion\/\">Presentaci\u00f3n<\/a><\/div><div class=\"wcb-session-favourite-icon\"><a href=\"#\" role=\"button\" class=\"fav-session-button\" aria-pressed=\"false\"><span class=\"screen-reader-text\">Sesi\u00f3n favorita: Presentaci\u00f3n<\/span><span class=\"dashicons dashicons-star-filled\"><\/span><\/a><\/div><\/td><td colspan=\"1\" class=\"wcb-track-sala-2 wcpt-session-type-session wcb-session-presentacion-2\" data-track-title=\"Sala 2\" data-session-id=\"852\"><div class=\"wcb-session-cell-content\"><a class=\"wcpt-session-title\" href=\"https:\/\/buenosaires.wordcamp.org\/2015\/session\/presentacion-2\/\">Presentaci\u00f3n<\/a><\/div><div class=\"wcb-session-favourite-icon\"><a href=\"#\" role=\"button\" class=\"fav-session-button\" aria-pressed=\"false\"><span class=\"screen-reader-text\">Sesi\u00f3n favorita: Presentaci\u00f3n<\/span><span class=\"dashicons dashicons-star-filled\"><\/span><\/a><\/div><\/td><\/tr><tr class=\"wcpt-time-1000am\"><td class=\"wcpt-time\">10:00&nbsp;am<\/td><td class=\"wcpt-session-empty\"><\/td><td colspan=\"1\" class=\"wcb-speaker-karen-arnold wcb-track-sala-1 wcpt-session-type-session wcb-session-por-que-unirse-a-la-comunidad-global-de-wordpress-y-como-ser-parte-del-movimiento\" data-track-title=\"Sala 1\" data-session-id=\"799\"><div class=\"wcb-session-cell-content\"><a class=\"wcpt-session-title\" href=\"https:\/\/buenosaires.wordcamp.org\/2015\/session\/por-que-unirse-a-la-comunidad-global-de-wordpress-y-como-ser-parte-del-movimiento\/\">Por qu\u00e9 unirse a la comunidad global de WordPress y c\u00f3mo ser parte del movimiento<\/a> <span class=\"wcpt-session-speakers\"><a href=\"https:\/\/buenosaires.wordcamp.org\/2015\/speakers\/#wcorg-speaker-karen-arnold\">Karen Arnold<\/a><\/span><\/div><div class=\"wcb-session-favourite-icon\"><a href=\"#\" role=\"button\" class=\"fav-session-button\" aria-pressed=\"false\"><span class=\"screen-reader-text\">Sesi\u00f3n favorita: Por qu\u00e9 unirse a la comunidad global de WordPress y c\u00f3mo ser parte del movimiento<\/span><span class=\"dashicons dashicons-star-filled\"><\/span><\/a><\/div><\/td><td colspan=\"1\" class=\"wcb-speaker-maximiliano-stahl wcb-track-sala-2 wcpt-session-type-session wcb-session-diseno-y-maquetacion-para-wordpress\" data-track-title=\"Sala 2\" data-session-id=\"878\"><div class=\"wcb-session-cell-content\"><a class=\"wcpt-session-title\" href=\"https:\/\/buenosaires.wordcamp.org\/2015\/session\/diseno-y-maquetacion-para-wordpress\/\">Dise\u00f1o y maquetaci\u00f3n para WordPress<\/a> <span class=\"wcpt-session-speakers\"><a href=\"https:\/\/buenosaires.wordcamp.org\/2015\/speakers\/#wcorg-speaker-maximiliano-stahl\">Maximiliano Stahl<\/a><\/span><\/div><div class=\"wcb-session-favourite-icon\"><a href=\"#\" role=\"button\" class=\"fav-session-button\" aria-pressed=\"false\"><span class=\"screen-reader-text\">Sesi\u00f3n favorita: Dise\u00f1o y maquetaci\u00f3n para WordPress<\/span><span class=\"dashicons dashicons-star-filled\"><\/span><\/a><\/div><\/td><\/tr><tr class=\"wcpt-time-1040am\"><td class=\"wcpt-time\">10:40&nbsp;am<\/td><td class=\"wcpt-session-empty\"><\/td><td colspan=\"1\" class=\"wcb-speaker-juan-francisco-garabato wcb-track-sala-1 wcpt-session-type-session wcb-session-como-captar-clientes-con-google-adwords\" data-track-title=\"Sala 1\" data-session-id=\"839\"><div class=\"wcb-session-cell-content\"><a class=\"wcpt-session-title\" href=\"https:\/\/buenosaires.wordcamp.org\/2015\/session\/como-captar-clientes-con-google-adwords\/\">C\u00f3mo captar clientes con Google Adwords<\/a> <span class=\"wcpt-session-speakers\"><a href=\"https:\/\/buenosaires.wordcamp.org\/2015\/speakers\/#wcorg-speaker-juan-francisco-garabato\">Juan Francisco Garabato<\/a><\/span><\/div><div class=\"wcb-session-favourite-icon\"><a href=\"#\" role=\"button\" class=\"fav-session-button\" aria-pressed=\"false\"><span class=\"screen-reader-text\">Sesi\u00f3n favorita: C\u00f3mo captar clientes con Google Adwords<\/span><span class=\"dashicons dashicons-star-filled\"><\/span><\/a><\/div><\/td><td colspan=\"1\" class=\"wcb-speaker-richard-archambault wcb-track-sala-2 wcpt-session-type-session wcb-session-como-mejorar-tu-sitio-usando-jetpack\" data-track-title=\"Sala 2\" data-session-id=\"820\"><div class=\"wcb-session-cell-content\"><a class=\"wcpt-session-title\" href=\"https:\/\/buenosaires.wordcamp.org\/2015\/session\/como-mejorar-tu-sitio-usando-jetpack\/\">C\u00f3mo mejorar tu sitio usando Jetpack<\/a> <span class=\"wcpt-session-speakers\"><a href=\"https:\/\/buenosaires.wordcamp.org\/2015\/speakers\/#wcorg-speaker-richard-archambault\">Richard Archambault<\/a><\/span><\/div><div class=\"wcb-session-favourite-icon\"><a href=\"#\" role=\"button\" class=\"fav-session-button\" aria-pressed=\"false\"><span class=\"screen-reader-text\">Sesi\u00f3n favorita: C\u00f3mo mejorar tu sitio usando Jetpack<\/span><span class=\"dashicons dashicons-star-filled\"><\/span><\/a><\/div><\/td><\/tr><tr class=\"wcpt-time-1120am\"><td class=\"wcpt-time\">11:20&nbsp;am<\/td><td colspan=\"1\" class=\"wcb-track-hall wcpt-session-type-custom wcb-session-break\" data-track-title=\"Hall\" data-session-id=\"1408\"><div class=\"wcb-session-cell-content\"><span class=\"wcpt-session-title\">Break<\/span><\/div><\/td><td class=\"wcpt-session-empty\"><\/td><td class=\"wcpt-session-empty\"><\/td><\/tr><tr class=\"wcpt-time-1140am\"><td class=\"wcpt-time\">11:40&nbsp;am<\/td><td class=\"wcpt-session-empty\"><\/td><td colspan=\"1\" class=\"wcb-speaker-solange-basseterre wcb-track-sala-1 wcpt-session-type-session wcb-session-gestion-de-proyectos-de-desarrollo\" data-track-title=\"Sala 1\" data-session-id=\"872\"><div class=\"wcb-session-cell-content\"><a class=\"wcpt-session-title\" href=\"https:\/\/buenosaires.wordcamp.org\/2015\/session\/gestion-de-proyectos-de-desarrollo\/\">Gesti\u00f3n de proyectos de desarrollo<\/a> <span class=\"wcpt-session-speakers\"><a href=\"https:\/\/buenosaires.wordcamp.org\/2015\/speakers\/#wcorg-speaker-solange-basseterre\">Solange Basseterre<\/a><\/span><\/div><div class=\"wcb-session-favourite-icon\"><a href=\"#\" role=\"button\" class=\"fav-session-button\" aria-pressed=\"false\"><span class=\"screen-reader-text\">Sesi\u00f3n favorita: Gesti\u00f3n de proyectos de desarrollo<\/span><span class=\"dashicons dashicons-star-filled\"><\/span><\/a><\/div><\/td><td colspan=\"1\" class=\"wcb-speaker-emiliano-piscitelli wcb-track-sala-2 wcpt-session-type-session wcb-session-in-seguridad-informatica\" data-track-title=\"Sala 2\" data-session-id=\"874\"><div class=\"wcb-session-cell-content\"><a class=\"wcpt-session-title\" href=\"https:\/\/buenosaires.wordcamp.org\/2015\/session\/in-seguridad-informatica\/\">(in) Seguridad inform\u00e1tica<\/a> <span class=\"wcpt-session-speakers\"><a href=\"https:\/\/buenosaires.wordcamp.org\/2015\/speakers\/#wcorg-speaker-emiliano-piscitelli\">Emiliano Piscitelli<\/a><\/span><\/div><div class=\"wcb-session-favourite-icon\"><a href=\"#\" role=\"button\" class=\"fav-session-button\" aria-pressed=\"false\"><span class=\"screen-reader-text\">Sesi\u00f3n favorita: (in) Seguridad inform\u00e1tica<\/span><span class=\"dashicons dashicons-star-filled\"><\/span><\/a><\/div><\/td><\/tr><tr class=\"wcpt-time-1220pm\"><td class=\"wcpt-time\">12:20&nbsp;pm<\/td><td class=\"wcpt-session-empty\"><\/td><td colspan=\"1\" class=\"wcb-speaker-damian-suarez wcb-track-sala-1 wcpt-session-type-session wcb-session-wordpress-sin-fronteras-introduccion-a-la-rest-api-de-wpcom-js\" data-track-title=\"Sala 1\" data-session-id=\"822\"><div class=\"wcb-session-cell-content\"><a class=\"wcpt-session-title\" href=\"https:\/\/buenosaires.wordcamp.org\/2015\/session\/wordpress-sin-fronteras-introduccion-a-la-rest-api-de-wpcom-js\/\">WordPress sin fronteras: introducci\u00f3n a la REST API de wpcom.js<\/a> <span class=\"wcpt-session-speakers\"><a href=\"https:\/\/buenosaires.wordcamp.org\/2015\/speakers\/#wcorg-speaker-damian-suarez\">Dami\u00e1n Su\u00e1rez<\/a><\/span><\/div><div class=\"wcb-session-favourite-icon\"><a href=\"#\" role=\"button\" class=\"fav-session-button\" aria-pressed=\"false\"><span class=\"screen-reader-text\">Sesi\u00f3n favorita: WordPress sin fronteras: introducci\u00f3n a la REST API de wpcom.js<\/span><span class=\"dashicons dashicons-star-filled\"><\/span><\/a><\/div><\/td><td colspan=\"1\" class=\"wcb-speaker-mailen-knoblovits wcb-track-sala-2 wcpt-session-type-session wcb-session-desarrollando-un-producto-de-comunicacion\" data-track-title=\"Sala 2\" data-session-id=\"817\"><div class=\"wcb-session-cell-content\"><a class=\"wcpt-session-title\" href=\"https:\/\/buenosaires.wordcamp.org\/2015\/session\/desarrollando-un-producto-de-comunicacion\/\">Desarrollando un producto de comunicaci\u00f3n<\/a> <span class=\"wcpt-session-speakers\"><a href=\"https:\/\/buenosaires.wordcamp.org\/2015\/speakers\/#wcorg-speaker-mailen-knoblovits\">Mail\u00e9n Knoblovits<\/a><\/span><\/div><div class=\"wcb-session-favourite-icon\"><a href=\"#\" role=\"button\" class=\"fav-session-button\" aria-pressed=\"false\"><span class=\"screen-reader-text\">Sesi\u00f3n favorita: Desarrollando un producto de comunicaci\u00f3n<\/span><span class=\"dashicons dashicons-star-filled\"><\/span><\/a><\/div><\/td><\/tr><tr class=\"wcpt-time-100pm\"><td class=\"wcpt-time\">1:00&nbsp;pm<\/td><td colspan=\"1\" class=\"wcb-track-hall wcpt-session-type-session wcb-session-almuerzo\" data-track-title=\"Hall\" data-session-id=\"868\"><div class=\"wcb-session-cell-content\"><a class=\"wcpt-session-title\" href=\"https:\/\/buenosaires.wordcamp.org\/2015\/session\/almuerzo\/\">Almuerzo<\/a><\/div><div class=\"wcb-session-favourite-icon\"><a href=\"#\" role=\"button\" class=\"fav-session-button\" aria-pressed=\"false\"><span class=\"screen-reader-text\">Sesi\u00f3n favorita: Almuerzo<\/span><span class=\"dashicons dashicons-star-filled\"><\/span><\/a><\/div><\/td><td class=\"wcpt-session-empty\"><\/td><td class=\"wcpt-session-empty\"><\/td><\/tr><tr class=\"wcpt-time-200pm\"><td class=\"wcpt-time\">2:00&nbsp;pm<\/td><td class=\"wcpt-session-empty\"><\/td><td colspan=\"1\" class=\"wcb-speaker-leandro-padula wcb-track-disenadores wcb-track-maquetadores wcb-track-marketing wcb-track-programadores wcb-track-sala-1 wcb-track-usuarios wcpt-session-type-session wcb-session-creando-redes-sociales-con-wordpress-y-buddypress\" data-track-title=\"Dise\u00f1adores, Maquetadores, Marketing, Programadores, Sala 1, Usuarios\" data-session-id=\"809\"><div class=\"wcb-session-cell-content\"><a class=\"wcpt-session-title\" href=\"https:\/\/buenosaires.wordcamp.org\/2015\/session\/creando-redes-sociales-con-wordpress-y-buddypress\/\">Creando redes sociales con WordPress y BuddyPress<\/a> <span class=\"wcpt-session-speakers\"><a href=\"https:\/\/buenosaires.wordcamp.org\/2015\/speakers\/#wcorg-speaker-leandro-padula\">Leandro Padula<\/a><\/span><\/div><div class=\"wcb-session-favourite-icon\"><a href=\"#\" role=\"button\" class=\"fav-session-button\" aria-pressed=\"false\"><span class=\"screen-reader-text\">Sesi\u00f3n favorita: Creando redes sociales con WordPress y BuddyPress<\/span><span class=\"dashicons dashicons-star-filled\"><\/span><\/a><\/div><\/td><td colspan=\"1\" class=\"wcb-speaker-mike-schroder wcb-track-sala-2 wcpt-session-type-session wcb-session-wordpress-mas-rapido-pruebas-de-stress-con-siege\" data-track-title=\"Sala 2\" data-session-id=\"826\"><div class=\"wcb-session-cell-content\"><a class=\"wcpt-session-title\" href=\"https:\/\/buenosaires.wordcamp.org\/2015\/session\/wordpress-mas-rapido-pruebas-de-stress-con-siege\/\">WordPress m\u00e1s r\u00e1pido: pruebas de stress con Siege<\/a> <span class=\"wcpt-session-speakers\"><a href=\"https:\/\/buenosaires.wordcamp.org\/2015\/speakers\/#wcorg-speaker-mike-schroder\">Mike Schroder<\/a><\/span><\/div><div class=\"wcb-session-favourite-icon\"><a href=\"#\" role=\"button\" class=\"fav-session-button\" aria-pressed=\"false\"><span class=\"screen-reader-text\">Sesi\u00f3n favorita: WordPress m\u00e1s r\u00e1pido: pruebas de stress con Siege<\/span><span class=\"dashicons dashicons-star-filled\"><\/span><\/a><\/div><\/td><\/tr><tr class=\"wcpt-time-250pm\"><td class=\"wcpt-time\">2:50&nbsp;pm<\/td><td class=\"wcpt-session-empty\"><\/td><td colspan=\"1\" class=\"wcb-speaker-elio-rivero wcb-track-sala-1 wcpt-session-type-session wcb-session-customizer-configurando-un-sitio-en-tiempo-real\" data-track-title=\"Sala 1\" data-session-id=\"828\"><div class=\"wcb-session-cell-content\"><a class=\"wcpt-session-title\" href=\"https:\/\/buenosaires.wordcamp.org\/2015\/session\/customizer-configurando-un-sitio-en-tiempo-real\/\">Customizer: configurando un sitio en tiempo real<\/a> <span class=\"wcpt-session-speakers\"><a href=\"https:\/\/buenosaires.wordcamp.org\/2015\/speakers\/#wcorg-speaker-elio-rivero\">Elio Rivero<\/a><\/span><\/div><div class=\"wcb-session-favourite-icon\"><a href=\"#\" role=\"button\" class=\"fav-session-button\" aria-pressed=\"false\"><span class=\"screen-reader-text\">Sesi\u00f3n favorita: Customizer: configurando un sitio en tiempo real<\/span><span class=\"dashicons dashicons-star-filled\"><\/span><\/a><\/div><\/td><td colspan=\"1\" class=\"wcb-speaker-maria-evangelina-ferreira wcb-track-sala-2 wcpt-session-type-session wcb-session-los-mitos-de-la-semantica-web\" data-track-title=\"Sala 2\" data-session-id=\"998\"><div class=\"wcb-session-cell-content\"><a class=\"wcpt-session-title\" href=\"https:\/\/buenosaires.wordcamp.org\/2015\/session\/los-mitos-de-la-semantica-web\/\">Los mitos de la sem\u00e1ntica web<\/a> <span class=\"wcpt-session-speakers\"><a href=\"https:\/\/buenosaires.wordcamp.org\/2015\/speakers\/#wcorg-speaker-maria-evangelina-ferreira\">Mar\u00eda Evangelina Ferreira<\/a><\/span><\/div><div class=\"wcb-session-favourite-icon\"><a href=\"#\" role=\"button\" class=\"fav-session-button\" aria-pressed=\"false\"><span class=\"screen-reader-text\">Sesi\u00f3n favorita: Los mitos de la sem\u00e1ntica web<\/span><span class=\"dashicons dashicons-star-filled\"><\/span><\/a><\/div><\/td><\/tr><tr class=\"wcpt-time-330pm\"><td class=\"wcpt-time\">3:30&nbsp;pm<\/td><td colspan=\"1\" class=\"wcb-track-hall wcpt-session-type-session wcb-session-break-2\" data-track-title=\"Hall\" data-session-id=\"1412\"><div class=\"wcb-session-cell-content\"><a class=\"wcpt-session-title\" href=\"https:\/\/buenosaires.wordcamp.org\/2015\/session\/break-2\/\">Break<\/a><\/div><div class=\"wcb-session-favourite-icon\"><a href=\"#\" role=\"button\" class=\"fav-session-button\" aria-pressed=\"false\"><span class=\"screen-reader-text\">Sesi\u00f3n favorita: Break<\/span><span class=\"dashicons dashicons-star-filled\"><\/span><\/a><\/div><\/td><td class=\"wcpt-session-empty\"><\/td><td class=\"wcpt-session-empty\"><\/td><\/tr><tr class=\"wcpt-time-345pm\"><td class=\"wcpt-time\">3:45&nbsp;pm<\/td><td class=\"wcpt-session-empty\"><\/td><td colspan=\"1\" class=\"wcb-speaker-lance-willett wcb-track-sala-1 wcpt-session-type-session wcb-session-como-encontrar-el-diseno-perfecto-para-tu-sitio-wordpress\" data-track-title=\"Sala 1\" data-session-id=\"832\"><div class=\"wcb-session-cell-content\"><a class=\"wcpt-session-title\" href=\"https:\/\/buenosaires.wordcamp.org\/2015\/session\/como-encontrar-el-diseno-perfecto-para-tu-sitio-wordpress\/\">C\u00f3mo encontrar el dise\u00f1o perfecto para tu sitio WordPress<\/a> <span class=\"wcpt-session-speakers\"><a href=\"https:\/\/buenosaires.wordcamp.org\/2015\/speakers\/#wcorg-speaker-lance-willett\">Lance Willett<\/a><\/span><\/div><div class=\"wcb-session-favourite-icon\"><a href=\"#\" role=\"button\" class=\"fav-session-button\" aria-pressed=\"false\"><span class=\"screen-reader-text\">Sesi\u00f3n favorita: C\u00f3mo encontrar el dise\u00f1o perfecto para tu sitio WordPress<\/span><span class=\"dashicons dashicons-star-filled\"><\/span><\/a><\/div><\/td><td colspan=\"1\" class=\"wcb-speaker-ricardo-aiello wcb-track-sala-2 wcpt-session-type-session wcb-session-del-dicho-al-hecho-analizando-proyectos\" data-track-title=\"Sala 2\" data-session-id=\"1003\"><div class=\"wcb-session-cell-content\"><a class=\"wcpt-session-title\" href=\"https:\/\/buenosaires.wordcamp.org\/2015\/session\/del-dicho-al-hecho-analizando-proyectos\/\">Del dicho al hecho: analizando proyectos<\/a> <span class=\"wcpt-session-speakers\"><a href=\"https:\/\/buenosaires.wordcamp.org\/2015\/speakers\/#wcorg-speaker-ricardo-aiello\">Ricardo Aiello<\/a><\/span><\/div><div class=\"wcb-session-favourite-icon\"><a href=\"#\" role=\"button\" class=\"fav-session-button\" aria-pressed=\"false\"><span class=\"screen-reader-text\">Sesi\u00f3n favorita: Del dicho al hecho: analizando proyectos<\/span><span class=\"dashicons dashicons-star-filled\"><\/span><\/a><\/div><\/td><\/tr><tr class=\"wcpt-time-425pm\"><td class=\"wcpt-time\">4:25&nbsp;pm<\/td><td colspan=\"1\" class=\"wcb-track-hall wcpt-session-type-session wcb-session-break-3\" data-track-title=\"Hall\" data-session-id=\"1414\"><div class=\"wcb-session-cell-content\"><a class=\"wcpt-session-title\" href=\"https:\/\/buenosaires.wordcamp.org\/2015\/session\/break-3\/\">Break<\/a><\/div><div class=\"wcb-session-favourite-icon\"><a href=\"#\" role=\"button\" class=\"fav-session-button\" aria-pressed=\"false\"><span class=\"screen-reader-text\">Sesi\u00f3n favorita: Break<\/span><span class=\"dashicons dashicons-star-filled\"><\/span><\/a><\/div><\/td><td class=\"wcpt-session-empty\"><\/td><td class=\"wcpt-session-empty\"><\/td><\/tr><tr class=\"wcpt-time-440pm\"><td class=\"wcpt-time\">4:40&nbsp;pm<\/td><td class=\"wcpt-session-empty\"><\/td><td colspan=\"1\" class=\"wcb-speaker-oscar-reyes-vera wcb-track-sala-1 wcpt-session-type-session wcb-session-smart-sales-entendiendo-el-proceso-de-venta\" data-track-title=\"Sala 1\" data-session-id=\"876\"><div class=\"wcb-session-cell-content\"><a class=\"wcpt-session-title\" href=\"https:\/\/buenosaires.wordcamp.org\/2015\/session\/smart-sales-entendiendo-el-proceso-de-venta\/\">Smart Sales: entendiendo el proceso de venta<\/a> <span class=\"wcpt-session-speakers\"><a href=\"https:\/\/buenosaires.wordcamp.org\/2015\/speakers\/#wcorg-speaker-oscar-reyes-vera\">Oscar Reyes Vera<\/a><\/span><\/div><div class=\"wcb-session-favourite-icon\"><a href=\"#\" role=\"button\" class=\"fav-session-button\" aria-pressed=\"false\"><span class=\"screen-reader-text\">Sesi\u00f3n favorita: Smart Sales: entendiendo el proceso de venta<\/span><span class=\"dashicons dashicons-star-filled\"><\/span><\/a><\/div><\/td><td colspan=\"1\" class=\"wcb-speaker-andres-villarreal wcb-track-sala-2 wcpt-session-type-session wcb-session-psicologia-del-programador-conociendose-a-si-mismo\" data-track-title=\"Sala 2\" data-session-id=\"1008\"><div class=\"wcb-session-cell-content\"><a class=\"wcpt-session-title\" href=\"https:\/\/buenosaires.wordcamp.org\/2015\/session\/psicologia-del-programador-conociendose-a-si-mismo\/\">Psicolog\u00eda del programador: conoci\u00e9ndose a s\u00ed mismo<\/a> <span class=\"wcpt-session-speakers\"><a href=\"https:\/\/buenosaires.wordcamp.org\/2015\/speakers\/#wcorg-speaker-andres-villarreal\">Andr\u00e9s Villarreal<\/a><\/span><\/div><div class=\"wcb-session-favourite-icon\"><a href=\"#\" role=\"button\" class=\"fav-session-button\" aria-pressed=\"false\"><span class=\"screen-reader-text\">Sesi\u00f3n favorita: Psicolog\u00eda del programador: conoci\u00e9ndose a s\u00ed mismo<\/span><span class=\"dashicons dashicons-star-filled\"><\/span><\/a><\/div><\/td><\/tr><tr class=\"wcpt-time-520pm\"><td class=\"wcpt-time\">5:20&nbsp;pm<\/td><td class=\"wcpt-session-empty\"><\/td><td colspan=\"1\" class=\"wcb-track-sala-1 wcpt-session-type-session wcb-session-cierre\" data-track-title=\"Sala 1\" data-session-id=\"854\"><div class=\"wcb-session-cell-content\"><a class=\"wcpt-session-title\" href=\"https:\/\/buenosaires.wordcamp.org\/2015\/session\/cierre\/\">Cierre<\/a><\/div><div class=\"wcb-session-favourite-icon\"><a href=\"#\" role=\"button\" class=\"fav-session-button\" aria-pressed=\"false\"><span class=\"screen-reader-text\">Sesi\u00f3n favorita: Cierre<\/span><span class=\"dashicons dashicons-star-filled\"><\/span><\/a><\/div><\/td><td colspan=\"1\" class=\"wcb-track-sala-2 wcpt-session-type-session wcb-session-cierre-2\" data-track-title=\"Sala 2\" data-session-id=\"856\"><div class=\"wcb-session-cell-content\"><a class=\"wcpt-session-title\" href=\"https:\/\/buenosaires.wordcamp.org\/2015\/session\/cierre-2\/\">Cierre<\/a><\/div><div class=\"wcb-session-favourite-icon\"><a href=\"#\" role=\"button\" class=\"fav-session-button\" aria-pressed=\"false\"><span class=\"screen-reader-text\">Sesi\u00f3n favorita: Cierre<\/span><span class=\"dashicons dashicons-star-filled\"><\/span><\/a><\/div><\/td><\/tr><\/tbody><\/table>\n\t<div class=\"email-form fav-session-email-form-hide\">\n\t\t<!-- Tab links -->\n\t\t<div class=\"fav-session-share-tab\">\n\t\t\t\t\t\t\t<div class=\"fav-session-tablinks\" id=\"fav-session-btn-email\">\n\t\t\t\t\tCorreo electr\u00f3nico\t\t\t\t<\/div>\n\t\t\t\n\t\t\t<div class=\"fav-session-tablinks\" id=\"fav-session-btn-link\">\n\t\t\t\tEnlace\t\t\t<\/div>\n\n\t\t\t<div class=\"fav-session-tablinks\" id=\"fav-session-btn-print\">\n\t\t\t\tImprimir\t\t\t<\/div>\n\t\t<\/div>\n\n\t\t<!-- Tab content -->\n\t\t\t\t\t<div id=\"fav-session-tab-email\" class=\"fav-session-share-tabcontent\">\n\t\t\t\t<div id=\"fav-session-email-form\">\n\t\t\t\t\tEnv\u00edame mis sesiones favoritas:\n\t\t\t\t\t<form id=\"fav-sessions-form\">\n\t\t\t\t\t\t<input\n\t\t\t\t\t\t\ttype=\"text\"\n\t\t\t\t\t\t\tname=\"email_address\"\n\t\t\t\t\t\t\tid=\"fav-sessions-email-address\"\n\t\t\t\t\t\t\tplaceholder=\"me@protonmail.com\"\n\t\t\t\t\t\t\/>\n\t\t\t\t\t\t<input type=\"submit\" value=\"Enviar\" \/>\n\t\t\t\t\t<\/form>\n\t\t\t\t<\/div>\n\n\t\t\t\t<div class=\"fav-session-email-wait-spinner\"><\/div>\n\t\t\t\t<div class=\"fav-session-email-result\"><\/div>\n\t\t\t<\/div>\n\t\t\n\t\t<div id=\"fav-session-tab-link\" class=\"fav-session-share-tabcontent\">\n\t\t\tEnlace compartible:\t\t\t<br \/>\n\t\t\t<a id=\"fav-sessions-link\" href=\"\"><\/a>\n\t\t<\/div>\n\n\t\t<div id=\"fav-session-tab-print\" class=\"fav-session-share-tabcontent\">\n\t\t\t<button id=\"fav-session-print\">\n\t\t\t\tImprimir sesiones favoritas\t\t\t<\/button>\n\t\t<\/div>\n\t<\/div>\n\n\t<a class=\"show-email-form\" href=\"javascript:\">\n\t\t<span class=\"dashicons dashicons-star-filled\"><\/span>\n\t\t<span class=\"dashicons dashicons-email-alt\"><\/span>\n\t<\/a>\n\n\t\n<p style=\"margin-bottom: 20px\">Tanto el programa como el contenido de las charlas est\u00e1n sujetos a modificaciones.<\/p>\n","protected":false},"excerpt":{"rendered":"<p>A continuaci\u00f3n pod\u00e9s ver el programa de charlas y horarios confirmados para el s\u00e1bado 30 de mayo. Vamos a contar con dos salas en simult\u00e1neo, con presentaciones dictadas por profesionales, tanto locales como internacionales, de WordPress y del mundo web en general. Pod\u00e9s ver el detalle de cada charla haciendo click en el nombre de [&hellip;]<\/p>\n","protected":false},"author":7443382,"featured_media":0,"parent":0,"menu_order":0,"comment_status":"closed","ping_status":"closed","template":"page-templates\/full-width.php","meta":{"jetpack_post_was_ever_published":false,"footnotes":""},"class_list":["post-812","page","type-page","status-publish","hentry"],"jetpack_sharing_enabled":true,"jetpack_shortlink":"https:\/\/wp.me\/P5BkXR-d6","_links":{"self":[{"href":"https:\/\/buenosaires.wordcamp.org\/2015\/wp-json\/wp\/v2\/pages\/812","targetHints":{"allow":["GET"]}}],"collection":[{"href":"https:\/\/buenosaires.wordcamp.org\/2015\/wp-json\/wp\/v2\/pages"}],"about":[{"href":"https:\/\/buenosaires.wordcamp.org\/2015\/wp-json\/wp\/v2\/types\/page"}],"author":[{"embeddable":true,"href":"https:\/\/buenosaires.wordcamp.org\/2015\/wp-json\/wp\/v2\/users\/7443382"}],"replies":[{"embeddable":true,"href":"https:\/\/buenosaires.wordcamp.org\/2015\/wp-json\/wp\/v2\/comments?post=812"}],"version-history":[{"count":18,"href":"https:\/\/buenosaires.wordcamp.org\/2015\/wp-json\/wp\/v2\/pages\/812\/revisions"}],"predecessor-version":[{"id":1216,"href":"https:\/\/buenosaires.wordcamp.org\/2015\/wp-json\/wp\/v2\/pages\/812\/revisions\/1216"}],"wp:attachment":[{"href":"https:\/\/buenosaires.wordcamp.org\/2015\/wp-json\/wp\/v2\/media?parent=812"}],"curies":[{"name":"wp","href":"https:\/\/api.w.org\/{rel}","templated":true}]}}