{"id":11,"date":"2016-11-23T08:13:17","date_gmt":"2016-11-23T08:13:17","guid":{"rendered":"https:\/\/2017.buenosaires.wordcamp.org\/location\/"},"modified":"2017-06-01T18:25:35","modified_gmt":"2017-06-01T18:25:35","slug":"lugar","status":"publish","type":"page","link":"https:\/\/buenosaires.wordcamp.org\/2017\/lugar\/","title":{"rendered":"Lugar"},"content":{"rendered":"<div id=\"location\" class=\"page-section\">\n<div class=\"wrapper\">\n<h1>AreaTres<\/h1>\n<p>El Salvador 5218, C1414BPV CABA<\/p>\n<p>Ubicado en el barrio de Palermo, AreaTres es uno de los centros m\u00e1s importantes del ecosistema emprendedor e innovador de Buenos Aires.<\/p>\n<p>AreaTres es un espacio de coworking pionero en Latinoam\u00e9rica que abri\u00f3 sus puertas en marzo de 2009, con un enfoque claro: fomentar la generaci\u00f3n de una comunidad emprendedora. En 2015 hostearon 120 eventos enfocados en tecnolog\u00eda, innovaci\u00f3n, dise\u00f1o y emprendedorismo en los cuales participaron m\u00e1s de 100.000 personas.<\/p>\n<div class=\"googlemaps\">\n<div class=\"googlemaps\">\n\t\t\t\t<iframe loading=\"lazy\" width=\"600\" height=\"450\" frameborder=\"0\" scrolling=\"no\" marginheight=\"0\" marginwidth=\"0\"  src=\"https:\/\/www.google.com\/maps\/embed?pb=!1m14!1m8!1m3!1d6569.430100066717!2d-58.431951!3d-34.586076!3m2!1i1024!2i768!4f13.1!3m3!1m2!1s0x95bcb5902d16eaaf:0x7849ab08884c0b24!2sAreaTres%20El%20Salvador!5e0!3m2!1sen!2sar!4v1496183495472\"><\/iframe>\n\t\t\t<\/div>\n<\/div>\n<\/div>\n<\/div>\n","protected":false},"excerpt":{"rendered":"<p>AreaTres El Salvador 5218, C1414BPV CABA Ubicado en el barrio de Palermo, AreaTres es uno de los centros m\u00e1s importantes del ecosistema emprendedor e innovador de Buenos Aires. AreaTres es un espacio de coworking pionero en Latinoam\u00e9rica que abri\u00f3 sus puertas en marzo de 2009, con un enfoque claro: fomentar la generaci\u00f3n de una comunidad &hellip; <\/p>\n<p class=\"link-more\"><a href=\"https:\/\/buenosaires.wordcamp.org\/2017\/lugar\/\" class=\"more-link\">Continuar leyendo<span class=\"screen-reader-text\"> \u00abLugar\u00bb<\/span><\/a><\/p>\n","protected":false},"author":6700594,"featured_media":0,"parent":0,"menu_order":0,"comment_status":"closed","ping_status":"closed","template":"","meta":{"jetpack_post_was_ever_published":false,"footnotes":""},"class_list":["post-11","page","type-page","status-publish","hentry"],"jetpack_sharing_enabled":true,"jetpack_shortlink":"https:\/\/wp.me\/P88QxZ-b","_links":{"self":[{"href":"https:\/\/buenosaires.wordcamp.org\/2017\/wp-json\/wp\/v2\/pages\/11","targetHints":{"allow":["GET"]}}],"collection":[{"href":"https:\/\/buenosaires.wordcamp.org\/2017\/wp-json\/wp\/v2\/pages"}],"about":[{"href":"https:\/\/buenosaires.wordcamp.org\/2017\/wp-json\/wp\/v2\/types\/page"}],"author":[{"embeddable":true,"href":"https:\/\/buenosaires.wordcamp.org\/2017\/wp-json\/wp\/v2\/users\/6700594"}],"replies":[{"embeddable":true,"href":"https:\/\/buenosaires.wordcamp.org\/2017\/wp-json\/wp\/v2\/comments?post=11"}],"version-history":[{"count":3,"href":"https:\/\/buenosaires.wordcamp.org\/2017\/wp-json\/wp\/v2\/pages\/11\/revisions"}],"predecessor-version":[{"id":388,"href":"https:\/\/buenosaires.wordcamp.org\/2017\/wp-json\/wp\/v2\/pages\/11\/revisions\/388"}],"wp:attachment":[{"href":"https:\/\/buenosaires.wordcamp.org\/2017\/wp-json\/wp\/v2\/media?parent=11"}],"curies":[{"name":"wp","href":"https:\/\/api.w.org\/{rel}","templated":true}]}}