{"id":13,"date":"2017-06-05T15:17:42","date_gmt":"2017-06-05T15:17:42","guid":{"rendered":"https:\/\/2017.buenosaires.wordcamp.org\/?page_id=13"},"modified":"2017-07-07T23:11:07","modified_gmt":"2017-07-07T23:11:07","slug":"entradas","status":"publish","type":"page","link":"https:\/\/buenosaires.wordcamp.org\/2017\/entradas\/","title":{"rendered":"Entradas al WordCamp"},"content":{"rendered":"<div class=\"page-regular\">\n<div class=\"wrapper\">\n<h4>Para comprar tu entrada a WordCamp Buenos Aires 2017 segu\u00ed los siguientes pasos:<\/h4>\n<p><strong>1.<\/strong> Seleccion\u00e1 el tipo y cantidad de entradas que quer\u00e9s adquirir y apret\u00e1 en \u00abComprar\u00bb<br \/>\n<strong>2.<\/strong> Complet\u00e1 tus datos<br \/>\n<strong>3.<\/strong> Realiz\u00e1 el pago<\/p>\n<p><strong>El precio est\u00e1 expresado en d\u00f3lares<\/strong> y el pago es seguro a trav\u00e9s de Paypal.<\/p>\n<div style=\"background-color: #FCDB66;padding: 15px;border: 1px solid #FCCE2C\">Si prefer\u00eds comprar por medio de una <strong>transferencia bancaria<\/strong>, <a href=\"https:\/\/2017.buenosaires.wordcamp.org\/contacto\/\">contactanos<\/a> y te pasamos los datos para hacerlo.<\/div>\n<a href=\"https:\/\/buenosaires.wordcamp.org\/2017\/entradas\/\">Por favor, ve esta p\u00e1gina en un navegador para hacer una compra o gestionar entradas.<\/a>\n<p><small style=\"font-size: 0.7em;font-style: italic\">*\u00a0El WordCamp\u00a0ser\u00e1 grabado y fotografiado con fines comunitarios y de promoci\u00f3n por fot\u00f3grafos profesionales y\/o voluntarios. Al asistir al evento est\u00e1s consintiendo que tu imagen aparezca en fotos y videos que puedan mostrar tu participaci\u00f3n en el WordCamp.<\/small><\/p>\n<\/div>\n<\/div>\n","protected":false},"excerpt":{"rendered":"<p>Para comprar tu entrada a WordCamp Buenos Aires 2017 segu\u00ed los siguientes pasos: 1. Seleccion\u00e1 el tipo y cantidad de entradas que quer\u00e9s adquirir y apret\u00e1 en \u00abComprar\u00bb 2. Complet\u00e1 tus datos 3. Realiz\u00e1 el pago El precio est\u00e1 expresado en d\u00f3lares y el pago es seguro a trav\u00e9s de Paypal. Si prefer\u00eds comprar por &hellip; <\/p>\n<p class=\"link-more\"><a href=\"https:\/\/buenosaires.wordcamp.org\/2017\/entradas\/\" class=\"more-link\">Continuar leyendo<span class=\"screen-reader-text\"> \u00abEntradas al WordCamp\u00bb<\/span><\/a><\/p>\n","protected":false},"author":6700594,"featured_media":0,"parent":0,"menu_order":0,"comment_status":"closed","ping_status":"closed","template":"","meta":{"jetpack_post_was_ever_published":false,"footnotes":""},"class_list":["post-13","page","type-page","status-publish","hentry"],"jetpack_sharing_enabled":true,"jetpack_shortlink":"https:\/\/wp.me\/P88QxZ-d","_links":{"self":[{"href":"https:\/\/buenosaires.wordcamp.org\/2017\/wp-json\/wp\/v2\/pages\/13","targetHints":{"allow":["GET"]}}],"collection":[{"href":"https:\/\/buenosaires.wordcamp.org\/2017\/wp-json\/wp\/v2\/pages"}],"about":[{"href":"https:\/\/buenosaires.wordcamp.org\/2017\/wp-json\/wp\/v2\/types\/page"}],"author":[{"embeddable":true,"href":"https:\/\/buenosaires.wordcamp.org\/2017\/wp-json\/wp\/v2\/users\/6700594"}],"replies":[{"embeddable":true,"href":"https:\/\/buenosaires.wordcamp.org\/2017\/wp-json\/wp\/v2\/comments?post=13"}],"version-history":[{"count":23,"href":"https:\/\/buenosaires.wordcamp.org\/2017\/wp-json\/wp\/v2\/pages\/13\/revisions"}],"predecessor-version":[{"id":1065,"href":"https:\/\/buenosaires.wordcamp.org\/2017\/wp-json\/wp\/v2\/pages\/13\/revisions\/1065"}],"wp:attachment":[{"href":"https:\/\/buenosaires.wordcamp.org\/2017\/wp-json\/wp\/v2\/media?parent=13"}],"curies":[{"name":"wp","href":"https:\/\/api.w.org\/{rel}","templated":true}]}}