{"id":281,"date":"2017-05-30T21:18:00","date_gmt":"2017-05-30T21:18:00","guid":{"rendered":"https:\/\/2017.buenosaires.wordcamp.org\/?page_id=281"},"modified":"2017-06-23T19:18:02","modified_gmt":"2017-06-23T19:18:02","slug":"home","status":"publish","type":"page","link":"https:\/\/buenosaires.wordcamp.org\/2017\/","title":{"rendered":"Home"},"content":{"rendered":"<h1 class=\"intro section-title\" style=\"text-align: center\">Bienvenidos al evento m\u00e1s grande de WordPress en Argentina.<br \/>\nBienvenidos a WordCamp Buenos Aires!<\/h1>\n<div class=\"text-center\"><a class=\"title-link text-center\" style=\"text-align: center\" href=\"https:\/\/2017.buenosaires.wordcamp.org\/anuncios\/\">Enterate de las novedades<\/a><\/div>\n<div class=\"welcome-section three-columns\">\n<div class=\"wrapper\">\n<article class=\"column\">\n<figure><a href=\"https:\/\/2017.buenosaires.wordcamp.org\/\"><img decoding=\"async\" src=\"\/\/2017.buenosaires.wordcamp.org\/files\/2017\/05\/tickets-1.jpg\" alt=\"\" \/><\/a><figcaption>\n<h3><a href=\"https:\/\/2017.buenosaires.wordcamp.org\/entradas\/\">Entradas<\/a><\/h3>\n<p>\u00a1Ya est\u00e1 abierta la venta de entradas! Consegu\u00ed la tuya ahora y particip\u00e1 del evento de WordPress m\u00e1s grande de Argentina.<\/p>\n<div class=\"text-center\"><a class=\"title-link text-center\" style=\"text-align: center\" href=\"https:\/\/2017.buenosaires.wordcamp.org\/entradas\/\">Comprar entradas<\/a><\/div>\n<\/figcaption><\/figure>\n<\/article>\n<article class=\"column\">\n<figure><a href=\"https:\/\/2017.buenosaires.wordcamp.org\/llamado-a-oradores\/\"><img decoding=\"async\" src=\"https:\/\/2017.buenosaires.wordcamp.org\/files\/2017\/05\/speakers-1.jpg\" alt=\"\" \/><\/a><figcaption>\n<h3><a href=\"https:\/\/2017.buenosaires.wordcamp.org\/programa\/\">Programa<\/a><\/h3>\n<p>Mir\u00e1 el programa entero del evento.<\/p>\n<div class=\"text-center\"><a class=\"title-link text-center\" style=\"text-align: center\" href=\"https:\/\/2017.buenosaires.wordcamp.org\/programa\/\">Mir\u00e1 el programa de charlas<\/a><\/div>\n<\/figcaption><\/figure>\n<\/article>\n<article class=\"column\">\n<figure><a href=\"https:\/\/2017.buenosaires.wordcamp.org\/contacto\"><img decoding=\"async\" src=\"https:\/\/2017.buenosaires.wordcamp.org\/files\/2017\/05\/sponsors-1.jpg\" alt=\"\" \/><\/a><figcaption>\n<h3><a href=\"https:\/\/2017.buenosaires.wordcamp.org\/contacto\/\">Sponsors<\/a><\/h3>\n<p>Sin la ayuda de los sponsors, WordCamp Buenos Aires no ser\u00eda posible. Si te interesa sponsorear el evento, contactanos.<\/p>\n<div class=\"text-center\"><a class=\"title-link text-center\" style=\"text-align: center\" href=\"https:\/\/2017.buenosaires.wordcamp.org\/contacto\/\">Contactanos para saber m\u00e1s<\/a><\/div>\n<\/figcaption><\/figure>\n<\/article>\n<\/div>\n<\/div>\n","protected":false},"excerpt":{"rendered":"<p>Bienvenidos al evento m\u00e1s grande de WordPress en Argentina. Bienvenidos a WordCamp Buenos Aires! Enterate de las novedades Entradas \u00a1Ya est\u00e1 abierta la venta de entradas! Consegu\u00ed la tuya ahora y particip\u00e1 del evento de WordPress m\u00e1s grande de Argentina. Comprar entradas Programa Mir\u00e1 el programa entero del evento. Mir\u00e1 el programa de charlas Sponsors &hellip; <\/p>\n<p class=\"link-more\"><a href=\"https:\/\/buenosaires.wordcamp.org\/2017\/\" class=\"more-link\">Continuar leyendo<span class=\"screen-reader-text\"> \u00abHome\u00bb<\/span><\/a><\/p>\n","protected":false},"author":8981111,"featured_media":0,"parent":0,"menu_order":0,"comment_status":"closed","ping_status":"closed","template":"","meta":{"jetpack_post_was_ever_published":false,"footnotes":""},"class_list":["post-281","page","type-page","status-publish","hentry"],"jetpack_sharing_enabled":false,"jetpack_shortlink":"https:\/\/wp.me\/P88QxZ-4x","_links":{"self":[{"href":"https:\/\/buenosaires.wordcamp.org\/2017\/wp-json\/wp\/v2\/pages\/281","targetHints":{"allow":["GET"]}}],"collection":[{"href":"https:\/\/buenosaires.wordcamp.org\/2017\/wp-json\/wp\/v2\/pages"}],"about":[{"href":"https:\/\/buenosaires.wordcamp.org\/2017\/wp-json\/wp\/v2\/types\/page"}],"author":[{"embeddable":true,"href":"https:\/\/buenosaires.wordcamp.org\/2017\/wp-json\/wp\/v2\/users\/8981111"}],"replies":[{"embeddable":true,"href":"https:\/\/buenosaires.wordcamp.org\/2017\/wp-json\/wp\/v2\/comments?post=281"}],"version-history":[{"count":17,"href":"https:\/\/buenosaires.wordcamp.org\/2017\/wp-json\/wp\/v2\/pages\/281\/revisions"}],"predecessor-version":[{"id":922,"href":"https:\/\/buenosaires.wordcamp.org\/2017\/wp-json\/wp\/v2\/pages\/281\/revisions\/922"}],"wp:attachment":[{"href":"https:\/\/buenosaires.wordcamp.org\/2017\/wp-json\/wp\/v2\/media?parent=281"}],"curies":[{"name":"wp","href":"https:\/\/api.w.org\/{rel}","templated":true}]}}