{"id":8,"date":"2016-11-23T08:13:16","date_gmt":"2016-11-23T08:13:16","guid":{"rendered":"https:\/\/2017.buenosaires.wordcamp.org\/speakers\/"},"modified":"2017-06-23T20:15:02","modified_gmt":"2017-06-23T20:15:02","slug":"speakers","status":"publish","type":"page","link":"https:\/\/buenosaires.wordcamp.org\/2017\/speakers\/","title":{"rendered":"Speakers"},"content":{"rendered":"<div class=\"page-regular\">\n<div class=\"wrapper\">\n\n\t<div class=\"wcorg-speakers\">\n\n\t\t\n\t\t\t<!-- Organizers note: The id attribute is deprecated and only remains for backwards compatibility, please use the corresponding class to target individual speakers -->\n\t\t\t<div id=\"wcorg-speaker-gabriel-pleszowski\" class=\"wcorg-speaker wcorg-speaker-gabriel-pleszowski wcorg-track-sala-2\">\n\t\t\t\t<h2>\n\t\t\t\t\t\n\t\t\t\t\t\tGabriel Pleszowski\n\t\t\t\t\t\t\t\t\t<\/h2>\n\n\t\t\t\t<div class=\"wcorg-speaker-description\">\n\t\t\t\t\t<img alt='' src='https:\/\/secure.gravatar.com\/avatar\/9600e6ca38e237fbd92b26193697a925eb60ebc479afb342c9b3c6493184e45f?s=100&#038;d=mm&#038;r=g' srcset='https:\/\/secure.gravatar.com\/avatar\/9600e6ca38e237fbd92b26193697a925eb60ebc479afb342c9b3c6493184e45f?s=200&#038;d=mm&#038;r=g 2x' class='avatar avatar-100 photo' height='100' width='100' \/>\t\t\t\t\t<p>Desarrollador de WordPress desde hace m\u00e1s de 9 a\u00f1os. Disfruta programando themes, plugins y todo tipo de cosas raras. Le encanta extender los l\u00edmites de WordPress, conectarlo con cualquier API e integrarlo con distintos frameworks. Actualmente es parte del equipo de Toptal, donde trabaja d\u00eda a d\u00eda con desarrolladores y dise\u00f1adores de todo el mundo.<\/p>\n\t\t\t\t<\/div>\n\t\t\t<\/div>\n\n\t\t\n\t\t\t<!-- Organizers note: The id attribute is deprecated and only remains for backwards compatibility, please use the corresponding class to target individual speakers -->\n\t\t\t<div id=\"wcorg-speaker-juani-ruiz-echazu\" class=\"wcorg-speaker wcorg-speaker-juani-ruiz-echazu wcorg-track-sala-1\">\n\t\t\t\t<h2>\n\t\t\t\t\t\n\t\t\t\t\t\tJuani Ruiz Echazu\n\t\t\t\t\t\t\t\t\t<\/h2>\n\n\t\t\t\t<div class=\"wcorg-speaker-description\">\n\t\t\t\t\t<img alt='' src='https:\/\/secure.gravatar.com\/avatar\/a04c97262d04a372128dd8f8f060aac54ccb8bd60d3161549477055b375fe3c8?s=100&#038;d=mm&#038;r=g' srcset='https:\/\/secure.gravatar.com\/avatar\/a04c97262d04a372128dd8f8f060aac54ccb8bd60d3161549477055b375fe3c8?s=200&#038;d=mm&#038;r=g 2x' class='avatar avatar-100 photo' height='100' width='100' \/>\t\t\t\t\t<p>Director de UX y Socio en Aerolab.<\/p>\n\t\t\t\t<\/div>\n\t\t\t<\/div>\n\n\t\t\n\t\t\t<!-- Organizers note: The id attribute is deprecated and only remains for backwards compatibility, please use the corresponding class to target individual speakers -->\n\t\t\t<div id=\"wcorg-speaker-mike-schroder\" class=\"wcorg-speaker wcorg-speaker-mike-schroder wcorg-track-sala-2\">\n\t\t\t\t<h2>\n\t\t\t\t\t\n\t\t\t\t\t\tMike Schroder\n\t\t\t\t\t\t\t\t\t<\/h2>\n\n\t\t\t\t<div class=\"wcorg-speaker-description\">\n\t\t\t\t\t<img alt='' src='https:\/\/secure.gravatar.com\/avatar\/8dcd67487651b5b29a1ea03ce11f8515bc2f1dc798c569a4ba2ebcfc942e57f2?s=100&#038;d=mm&#038;r=g' srcset='https:\/\/secure.gravatar.com\/avatar\/8dcd67487651b5b29a1ea03ce11f8515bc2f1dc798c569a4ba2ebcfc942e57f2?s=200&#038;d=mm&#038;r=g 2x' class='avatar avatar-100 photo' height='100' width='100' \/>\t\t\t\t\t<p>Contribuye desde DreamHost al core de WordPress. Fue l\u00edder de WordPress 4.5 y contin\u00faa como committer, especializado en el componente de media. Vive en Los Angeles y creci\u00f3 entre Espa\u00f1a y Estados Unidos. Disfruta de navegar a vela y es un aficionado al buen caf\u00e9.<\/p>\n<p><a class=\"social twitter\" href=\"https:\/\/twitter.com\/getsource\" target=\"_blank\" rel=\"noopener\">@getsource<\/a><\/p>\n\t\t\t\t<\/div>\n\t\t\t<\/div>\n\n\t\t\n\t\t\t<!-- Organizers note: The id attribute is deprecated and only remains for backwards compatibility, please use the corresponding class to target individual speakers -->\n\t\t\t<div id=\"wcorg-speaker-pablo-croci\" class=\"wcorg-speaker wcorg-speaker-pablo-croci wcorg-track-sala-2\">\n\t\t\t\t<h2>\n\t\t\t\t\t\n\t\t\t\t\t\tPablo Croci\n\t\t\t\t\t\t\t\t\t<\/h2>\n\n\t\t\t\t<div class=\"wcorg-speaker-description\">\n\t\t\t\t\t<img alt='' src='https:\/\/secure.gravatar.com\/avatar\/6cdb50d11b2c364bc4a951fa3f617fcbe4a0ec4d388f65f4f57a656df3f135d5?s=100&#038;d=mm&#038;r=g' srcset='https:\/\/secure.gravatar.com\/avatar\/6cdb50d11b2c364bc4a951fa3f617fcbe4a0ec4d388f65f4f57a656df3f135d5?s=200&#038;d=mm&#038;r=g 2x' class='avatar avatar-100 photo' height='100' width='100' \/>\t\t\t\t\t<p>Periodista con m\u00e1s de diez a\u00f1os de experiencia en la industria digital, especializado en contenidos, marketing, redes sociales y educaci\u00f3n. Lidera la agencia MOT Content, enfocada en potenciar los negocios de grandes empresas, PyMEs y startups a partir de estrategias en redes sociales, content marketing y capacitaciones. Anteriormente se desempe\u00f1\u00f3 como Gerente de Marketing Online en FOX Latin American Channels, como Editor del portal del Gobierno de la Ciudad de Buenos Aires y como colaborador de los principales medios de la Argentina y Espa\u00f1a (Clar\u00edn, La Naci\u00f3n, El Pa\u00eds, Soitu).<\/p>\n<p><a class=\"social twitter\" href=\"https:\/\/twitter.com\/pmcroci\" target=\"_blank\" rel=\"noopener\">@pmcroci<\/a><\/p>\n\t\t\t\t<\/div>\n\t\t\t<\/div>\n\n\t\t\n\t\t\t<!-- Organizers note: The id attribute is deprecated and only remains for backwards compatibility, please use the corresponding class to target individual speakers -->\n\t\t\t<div id=\"wcorg-speaker-esteban-cervi\" class=\"wcorg-speaker wcorg-speaker-esteban-cervi wcorg-track-sala-1\">\n\t\t\t\t<h2>\n\t\t\t\t\t\n\t\t\t\t\t\tEsteban Cervi\n\t\t\t\t\t\t\t\t\t<\/h2>\n\n\t\t\t\t<div class=\"wcorg-speaker-description\">\n\t\t\t\t\t<img alt='' src='https:\/\/secure.gravatar.com\/avatar\/8b697e604917b5ae7e4a4e4d17977ef2af0d164a6377834cf91993579c4e1aa2?s=100&#038;d=mm&#038;r=g' srcset='https:\/\/secure.gravatar.com\/avatar\/8b697e604917b5ae7e4a4e4d17977ef2af0d164a6377834cf91993579c4e1aa2?s=200&#038;d=mm&#038;r=g 2x' class='avatar avatar-100 photo' height='100' width='100' \/>\t\t\t\t\t<p>Emprendedor, Licenciado en Psicolog\u00eda y fan\u00e1tico del marketing digital. Fund\u00f3 Neolo, con clientes en m\u00e1s de 50 pa\u00edses y un equipo de trabajo 100% remoto. Tiene m\u00e1s de 14 a\u00f1os de experiencia ayudando a emprendedores y PyMES a cumplir sus objetivos online mediante soluciones de presencia y marketing digital. Tambi\u00e9s es fundador de Reputaci\u00f3n Verificada.<\/p>\n<p><a class=\"social twitter\" href=\"https:\/\/twitter.com\/estebancervi\" target=\"_blank\" rel=\"noopener\">@estebancervi<\/a><\/p>\n\t\t\t\t<\/div>\n\t\t\t<\/div>\n\n\t\t\n\t\t\t<!-- Organizers note: The id attribute is deprecated and only remains for backwards compatibility, please use the corresponding class to target individual speakers -->\n\t\t\t<div id=\"wcorg-speaker-otto-wald\" class=\"wcorg-speaker wcorg-speaker-otto-wald wcorg-track-sala-2\">\n\t\t\t\t<h2>\n\t\t\t\t\t\n\t\t\t\t\t\tOtto Wald\n\t\t\t\t\t\t\t\t\t<\/h2>\n\n\t\t\t\t<div class=\"wcorg-speaker-description\">\n\t\t\t\t\t<img alt='' src='https:\/\/secure.gravatar.com\/avatar\/bbefde33e5adf04a5f6e97f11a0771df0e8ebca9ddc82416401b9186b1daf587?s=100&#038;d=mm&#038;r=g' srcset='https:\/\/secure.gravatar.com\/avatar\/bbefde33e5adf04a5f6e97f11a0771df0e8ebca9ddc82416401b9186b1daf587?s=200&#038;d=mm&#038;r=g 2x' class='avatar avatar-100 photo' height='100' width='100' \/>\t\t\t\t\t<p>Luego de varios a\u00f1os realizando sitios en WordPress para clientes y agencias, Otto dedica su alma y su mente a ayudar a gente de todo el mundo a hacer sitios multiling\u00fces. Desde el equipo de soporte de WPML responde dudas, soluciona problemas y hace felices a los usuarios.<\/p>\n<p><a class=\"social twitter\" href=\"https:\/\/twitter.com\/ofwald\" target=\"_blank\" rel=\"noopener\">@ofwald<\/a><br \/>\n<a class=\"social facebook\" href=\"https:\/\/facebook.com\/ofwald\" target=\"_blank\" rel=\"noopener\">Facebook<\/a><br \/>\n<a class=\"social linkedin\" href=\"https:\/\/linkedin.com\/in\/ofwald\" target=\"_blank\" rel=\"noopener\">LinkedIn<\/a><\/p>\n\t\t\t\t<\/div>\n\t\t\t<\/div>\n\n\t\t\n\t\t\t<!-- Organizers note: The id attribute is deprecated and only remains for backwards compatibility, please use the corresponding class to target individual speakers -->\n\t\t\t<div id=\"wcorg-speaker-ricardo-aiello\" class=\"wcorg-speaker wcorg-speaker-ricardo-aiello wcorg-track-sala-2\">\n\t\t\t\t<h2>\n\t\t\t\t\t\n\t\t\t\t\t\tRicardo Aiello\n\t\t\t\t\t\t\t\t\t<\/h2>\n\n\t\t\t\t<div class=\"wcorg-speaker-description\">\n\t\t\t\t\t<img alt='' src='https:\/\/secure.gravatar.com\/avatar\/6e053fa7e027f29c87fe3eaa567f26abef4fe20afc130232c78a1bfe4f795ef6?s=100&#038;d=mm&#038;r=g' srcset='https:\/\/secure.gravatar.com\/avatar\/6e053fa7e027f29c87fe3eaa567f26abef4fe20afc130232c78a1bfe4f795ef6?s=200&#038;d=mm&#038;r=g 2x' class='avatar avatar-100 photo' height='100' width='100' \/>\t\t\t\t\t<p>Analista de sistemas y docente. Actualmente dicta clases en las \u00e1reas de metodolog\u00eda, an\u00e1lisis y dise\u00f1o de sistemas en UTN-FRA y Escuela Da Vinci, y ejerce como consultor independiente especializado en an\u00e1lisis funcional y programaci\u00f3n web.<\/p>\n<p><a class=\"social twitter\" href=\"https:\/\/twitter.com\/ricardoaiello\" target=\"_blank\" rel=\"noopener\">@ricardoaiello<\/a><br \/>\n<a class=\"social linkedin\" href=\"https:\/\/www.linkedin.com\/in\/ricardoaiello\/es\" target=\"_blank\" rel=\"noopener\">Ricardo Aiello<\/a><br \/>\n<a class=\"social website\" href=\"http:\/\/disonancias.com.ar\/\" target=\"_blank\" rel=\"noopener\">Disonancias<\/a><\/p>\n\t\t\t\t<\/div>\n\t\t\t<\/div>\n\n\t\t\n\t\t\t<!-- Organizers note: The id attribute is deprecated and only remains for backwards compatibility, please use the corresponding class to target individual speakers -->\n\t\t\t<div id=\"wcorg-speaker-miguel-lederkremer\" class=\"wcorg-speaker wcorg-speaker-miguel-lederkremer wcorg-track-sala-2\">\n\t\t\t\t<h2>\n\t\t\t\t\t\n\t\t\t\t\t\tMiguel Lederkremer\n\t\t\t\t\t\t\t\t\t<\/h2>\n\n\t\t\t\t<div class=\"wcorg-speaker-description\">\n\t\t\t\t\t<img alt='' src='https:\/\/secure.gravatar.com\/avatar\/b1f4542b4e94e7ae48e4a683b89cc07477aa5db37083483fe6913624cd714c31?s=100&#038;d=mm&#038;r=g' srcset='https:\/\/secure.gravatar.com\/avatar\/b1f4542b4e94e7ae48e4a683b89cc07477aa5db37083483fe6913624cd714c31?s=200&#038;d=mm&#038;r=g 2x' class='avatar avatar-100 photo' height='100' width='100' \/>\t\t\t\t\t<p>Director Editorial de RedUSERS, responsable de la m\u00edtica revista PC USERS, entre otras. Tiene 25 a\u00f1os de experiencia en el rubro editorial y lidera la estrategia digital de la empresa.<\/p>\n<p><a class=\"social twitter\" href=\"https:\/\/www.linkedin.com\/in\/leder\/\" target=\"_blank\" rel=\"noopener\">LinkedIn<\/a><\/p>\n\t\t\t\t<\/div>\n\t\t\t<\/div>\n\n\t\t\n\t\t\t<!-- Organizers note: The id attribute is deprecated and only remains for backwards compatibility, please use the corresponding class to target individual speakers -->\n\t\t\t<div id=\"wcorg-speaker-jose-maria-debuchy\" class=\"wcorg-speaker wcorg-speaker-jose-maria-debuchy wcorg-track-sala-2\">\n\t\t\t\t<h2>\n\t\t\t\t\t\n\t\t\t\t\t\tJos\u00e9 Mar\u00eda Debuchy\n\t\t\t\t\t\t\t\t\t<\/h2>\n\n\t\t\t\t<div class=\"wcorg-speaker-description\">\n\t\t\t\t\t<img alt='' src='https:\/\/secure.gravatar.com\/avatar\/29ca4db9e26144f4c7c1342dc3d7b43d28b18e27551c3f584e5b72f06968d531?s=100&#038;d=mm&#038;r=g' srcset='https:\/\/secure.gravatar.com\/avatar\/29ca4db9e26144f4c7c1342dc3d7b43d28b18e27551c3f584e5b72f06968d531?s=200&#038;d=mm&#038;r=g 2x' class='avatar avatar-100 photo' height='100' width='100' \/>\t\t\t\t\t<p>Ingeniero Industrial y Desarrollador Full Stack. Elabora sitios en WordPress desde 2010, y trabaja con las herramientas de Roots desde hace 3 a\u00f1os y contando. Apasionado por las nuevas tecnolog\u00edas y el aprendizaje.<\/p>\n<p><a class=\"social twitter\" href=\"https:\/\/twitter.com\/josedebuchy\" target=\"_blank\" rel=\"noopener\">@josedebuchy<\/a><br \/>\n<a class=\"social linkedin\" href=\"https:\/\/www.linkedin.com\/in\/josedebuchy\" target=\"_blank\" rel=\"noopener\">LinkedIn<\/a><\/p>\n\t\t\t\t<\/div>\n\t\t\t<\/div>\n\n\t\t\n\t\t\t<!-- Organizers note: The id attribute is deprecated and only remains for backwards compatibility, please use the corresponding class to target individual speakers -->\n\t\t\t<div id=\"wcorg-speaker-elio-rivero\" class=\"wcorg-speaker wcorg-speaker-elio-rivero wcorg-track-sala-1\">\n\t\t\t\t<h2>\n\t\t\t\t\t\n\t\t\t\t\t\tElio Rivero\n\t\t\t\t\t\t\t\t\t<\/h2>\n\n\t\t\t\t<div class=\"wcorg-speaker-description\">\n\t\t\t\t\t<img alt='' src='https:\/\/secure.gravatar.com\/avatar\/110e75165c3d6e513c30364e25ab6939008a22cfed0a23e08cb70e95d24461fe?s=100&#038;d=mm&#038;r=g' srcset='https:\/\/secure.gravatar.com\/avatar\/110e75165c3d6e513c30364e25ab6939008a22cfed0a23e08cb70e95d24461fe?s=200&#038;d=mm&#038;r=g 2x' class='avatar avatar-100 photo' height='100' width='100' \/>\t\t\t\t\t<p>Elio es programador, dise\u00f1ador y WordPress core contributor. Trabaja como Code Wrangler en Automattic en el plugin Jetpack para WordPress, principalmente en la nueva UI de Jetpack construida con React y Redux y que emplea la REST API. Vive en C\u00f3rdoba, rodeado de r\u00edos y sierras.<\/p>\n<p><a class=\"social twitter\" href=\"https:\/\/twitter.com\/eliorivero\" target=\"_blank\" rel=\"noopener\">@eliorivero<\/a><\/p>\n\t\t\t\t<\/div>\n\t\t\t<\/div>\n\n\t\t\n\t\t\t<!-- Organizers note: The id attribute is deprecated and only remains for backwards compatibility, please use the corresponding class to target individual speakers -->\n\t\t\t<div id=\"wcorg-speaker-ximena-vinitzca\" class=\"wcorg-speaker wcorg-speaker-ximena-vinitzca wcorg-track-sala-1\">\n\t\t\t\t<h2>\n\t\t\t\t\t\n\t\t\t\t\t\tXimena Vinitzca\n\t\t\t\t\t\t\t\t\t<\/h2>\n\n\t\t\t\t<div class=\"wcorg-speaker-description\">\n\t\t\t\t\t<img alt='' src='https:\/\/secure.gravatar.com\/avatar\/097d2da1d08a35ee3100238199538bd3c399e949c40cbd593fc767ad71e890e0?s=100&#038;d=mm&#038;r=g' srcset='https:\/\/secure.gravatar.com\/avatar\/097d2da1d08a35ee3100238199538bd3c399e949c40cbd593fc767ad71e890e0?s=200&#038;d=mm&#038;r=g 2x' class='avatar avatar-100 photo' height='100' width='100' \/>\t\t\t\t\t<p>Licenciada en tecnolog\u00eda multimedial y productora de espect\u00e1culos. Fundadora de Folka Media, donde gestiona proyectos de desarrollo web y trabajos de consultor\u00eda para clientes nacionales e internacionales. Desde el a\u00f1o 2014 es la docente principal del curso de WordPress B\u00e1sico en Coderhouse.<\/p>\n<p><a class=\"social linkedin\" href=\"https:\/\/www.linkedin.com\/in\/ximena-vinitzca-8b273945\/\" target=\"_blank\" rel=\"noopener\">LinkedIn<\/a><\/p>\n\t\t\t\t<\/div>\n\t\t\t<\/div>\n\n\t\t\n\t\t\t<!-- Organizers note: The id attribute is deprecated and only remains for backwards compatibility, please use the corresponding class to target individual speakers -->\n\t\t\t<div id=\"wcorg-speaker-rodrigo-donini\" class=\"wcorg-speaker wcorg-speaker-rodrigo-donini wcorg-track-sala-1\">\n\t\t\t\t<h2>\n\t\t\t\t\t\n\t\t\t\t\t\tRodrigo Donini\n\t\t\t\t\t\t\t\t\t<\/h2>\n\n\t\t\t\t<div class=\"wcorg-speaker-description\">\n\t\t\t\t\t<img alt='' src='https:\/\/secure.gravatar.com\/avatar\/c8cf504e5ae3826eb87591aa4f6658e912bc658a0d8aa487ad90b4ce26ff7f24?s=100&#038;d=mm&#038;r=g' srcset='https:\/\/secure.gravatar.com\/avatar\/c8cf504e5ae3826eb87591aa4f6658e912bc658a0d8aa487ad90b4ce26ff7f24?s=200&#038;d=mm&#038;r=g 2x' class='avatar avatar-100 photo' height='100' width='100' \/>\t\t\t\t\t<p>Padre, marido, desarrollador y conferencista. El trabajo remoto y WordPress son sus pasiones, junto con la fuerte motivaci\u00f3n de fomentar la comunidad local de desarrollo de software. Actualmente es WordPress Engineer y Community Leader en Toptal, donde trabaja con proyectos internacionales de gran escala y disponibilidad.<\/p>\n<p><a class=\"social twitter\" href=\"https:\/\/twitter.com\/donini\" target=\"_blank\" rel=\"noopener\">@donini<\/a><br \/>\n<a class=\"social linkedin\" href=\"http:\/\/linkedin.com\/in\/donini\" target=\"_blank\" rel=\"noopener\">LinkedIn<\/a><\/p>\n\t\t\t\t<\/div>\n\t\t\t<\/div>\n\n\t\t\n\t\t\t<!-- Organizers note: The id attribute is deprecated and only remains for backwards compatibility, please use the corresponding class to target individual speakers -->\n\t\t\t<div id=\"wcorg-speaker-mario-aguiar\" class=\"wcorg-speaker wcorg-speaker-mario-aguiar wcorg-track-sala-1\">\n\t\t\t\t<h2>\n\t\t\t\t\t\n\t\t\t\t\t\tMario Aguiar\n\t\t\t\t\t\t\t\t\t<\/h2>\n\n\t\t\t\t<div class=\"wcorg-speaker-description\">\n\t\t\t\t\t<img alt='' src='https:\/\/secure.gravatar.com\/avatar\/785f5fbea73c7cb73b9836418e79207ca732bd68687424f0fe888f705b589e88?s=100&#038;d=mm&#038;r=g' srcset='https:\/\/secure.gravatar.com\/avatar\/785f5fbea73c7cb73b9836418e79207ca732bd68687424f0fe888f705b589e88?s=200&#038;d=mm&#038;r=g 2x' class='avatar avatar-100 photo' height='100' width='100' \/>\t\t\t\t\t<p>Mario es un ingeniero de Front-End trabajando para 10up, el segundo mayor contribuyente al n\u00facleo de WordPress. Tiene m\u00e1s de 10 a\u00f1os de experiencia en Front-End, le apasiona JavaScript y se especializa en WordPress.<\/p>\n<p><a class=\"social twitter\" href=\"https:\/\/twitter.com\/emeaguiar\" target=\"_blank\" rel=\"noopener\">@emeaguiar<\/a><\/p>\n\t\t\t\t<\/div>\n\t\t\t<\/div>\n\n\t\t\n\t\t\t<!-- Organizers note: The id attribute is deprecated and only remains for backwards compatibility, please use the corresponding class to target individual speakers -->\n\t\t\t<div id=\"wcorg-speaker-pablo-capello\" class=\"wcorg-speaker wcorg-speaker-pablo-capello wcorg-track-sala-2\">\n\t\t\t\t<h2>\n\t\t\t\t\t\n\t\t\t\t\t\tPablo Capello\n\t\t\t\t\t\t\t\t\t<\/h2>\n\n\t\t\t\t<div class=\"wcorg-speaker-description\">\n\t\t\t\t\t<img alt='' src='https:\/\/secure.gravatar.com\/avatar\/09617ebc8ff47c57e9d24dad678929f62831cb07c77209b594fb0dea1260af60?s=100&#038;d=mm&#038;r=g' srcset='https:\/\/secure.gravatar.com\/avatar\/09617ebc8ff47c57e9d24dad678929f62831cb07c77209b594fb0dea1260af60?s=200&#038;d=mm&#038;r=g 2x' class='avatar avatar-100 photo' height='100' width='100' \/>\t\t\t\t\t<p>Dise\u00f1ador multimedial y desarrollador web. Coordinador acad\u00e9mico y resposable de dise\u00f1o y marketing en INA. Co-fundador y CTO de Aurea Agency. Docente en materias de programaci\u00f3n web y marketing en Escuela Da Vinci.<\/p>\n<p><a class=\"social twitter\" href=\"https:\/\/twitter.com\/capellopablo\" target=\"_blank\" rel=\"noopener\">@capellopablo<\/a><br \/>\n<a class=\"social linkedin\" href=\"http:\/\/linkedin.com\/in\/capellopablo\" target=\"_blank\" rel=\"noopener\">LinkedIn<\/a><\/p>\n\t\t\t\t<\/div>\n\t\t\t<\/div>\n\n\t\t\n\t\t\t<!-- Organizers note: The id attribute is deprecated and only remains for backwards compatibility, please use the corresponding class to target individual speakers -->\n\t\t\t<div id=\"wcorg-speaker-karen-arnold\" class=\"wcorg-speaker wcorg-speaker-karen-arnold wcorg-track-sala-1\">\n\t\t\t\t<h2>\n\t\t\t\t\t\n\t\t\t\t\t\tKaren Arnold\n\t\t\t\t\t\t\t\t\t<\/h2>\n\n\t\t\t\t<div class=\"wcorg-speaker-description\">\n\t\t\t\t\t<img alt='' src='https:\/\/secure.gravatar.com\/avatar\/e41437c92d1ebdb226a8904fab493b3a5fc45aba0671547be8b39c707d9ba851?s=100&#038;d=mm&#038;r=g' srcset='https:\/\/secure.gravatar.com\/avatar\/e41437c92d1ebdb226a8904fab493b3a5fc45aba0671547be8b39c707d9ba851?s=200&#038;d=mm&#038;r=g 2x' class='avatar avatar-100 photo' height='100' width='100' \/>\t\t\t\t\t<p>Karen trabaja diariamente asistiendo a usuarios de WordPress.com y con el equipo de contrataci\u00f3n de los miembros del equipo de soporte para Automattic, la compa\u00f1ia que produce Jetpack, WooCommerce, y WordPress.com. Anteriormente trabajaba como dise\u00f1adora web en su propia empresa. Participa en la comunidad de WordPress en Albuquerque y form\u00f3 parte de la organizaci\u00f3n de varios de sus WordCamps.Naci\u00f3 en Nicaragua, creci\u00f3 en Panam\u00e1, y vive actualmente en Albuquerque (EEUU) con su esposo, cuatro hijos y tres gatos.<\/p>\n<p><a class=\"social twitter\" href=\"https:\/\/twitter.com\/karenalma\" target=\"_blank\" rel=\"noopener\">@karenalma<\/a><\/p>\n\t\t\t\t<\/div>\n\t\t\t<\/div>\n\n\t\t\n\t\t\t<!-- Organizers note: The id attribute is deprecated and only remains for backwards compatibility, please use the corresponding class to target individual speakers -->\n\t\t\t<div id=\"wcorg-speaker-andres-villarreal\" class=\"wcorg-speaker wcorg-speaker-andres-villarreal wcorg-track-sala-1\">\n\t\t\t\t<h2>\n\t\t\t\t\t\n\t\t\t\t\t\tAndr\u00e9s Villarreal\n\t\t\t\t\t\t\t\t\t<\/h2>\n\n\t\t\t\t<div class=\"wcorg-speaker-description\">\n\t\t\t\t\t<img alt='' src='https:\/\/secure.gravatar.com\/avatar\/4ea02cbebed2e47f2f4dfa28cd260e42049da93a09968599e8aea73a3c49c07b?s=100&#038;d=mm&#038;r=g' srcset='https:\/\/secure.gravatar.com\/avatar\/4ea02cbebed2e47f2f4dfa28cd260e42049da93a09968599e8aea73a3c49c07b?s=200&#038;d=mm&#038;r=g 2x' class='avatar avatar-100 photo' height='100' width='100' \/>\t\t\t\t\t<p>Programador, consultor y docente. Desarrolla sitios web desde 2004, y se dedica exclusivamente a WordPress desde 2011. Estudi\u00f3 filosof\u00eda antes de volcarse de lleno al desarrollo web. Trabaja en NiceThemes creando themes y plugins, y ocasionalmente contribuye con el core de WordPress y otros proyectos open source.<\/p>\n<p><a class=\"social twitter\" href=\"https:\/\/twitter.com\/andrezrv_hq\" target=\"_blank\" rel=\"noopener\">@andrezrv_hq<\/a><br \/>\n<a class=\"social website\" href=\"https:\/\/andrezrv.com\" target=\"_blank\" rel=\"noopener\">Andr\u00e9s Villarreal<\/a><br \/>\n<a class=\"social website\" href=\"http:\/\/nicethemes.com\/\" target=\"_blank\" rel=\"noopener\">Nice Themes<\/a><\/p>\n\t\t\t\t<\/div>\n\t\t\t<\/div>\n\n\t\t\n\t<\/div>\n\n\t\n<\/div>\n<\/div>\n","protected":false},"excerpt":{"rendered":"","protected":false},"author":6700594,"featured_media":0,"parent":0,"menu_order":0,"comment_status":"closed","ping_status":"closed","template":"","meta":{"jetpack_post_was_ever_published":false,"footnotes":""},"class_list":["post-8","page","type-page","status-publish","hentry"],"jetpack_sharing_enabled":true,"jetpack_shortlink":"https:\/\/wp.me\/P88QxZ-8","_links":{"self":[{"href":"https:\/\/buenosaires.wordcamp.org\/2017\/wp-json\/wp\/v2\/pages\/8","targetHints":{"allow":["GET"]}}],"collection":[{"href":"https:\/\/buenosaires.wordcamp.org\/2017\/wp-json\/wp\/v2\/pages"}],"about":[{"href":"https:\/\/buenosaires.wordcamp.org\/2017\/wp-json\/wp\/v2\/types\/page"}],"author":[{"embeddable":true,"href":"https:\/\/buenosaires.wordcamp.org\/2017\/wp-json\/wp\/v2\/users\/6700594"}],"replies":[{"embeddable":true,"href":"https:\/\/buenosaires.wordcamp.org\/2017\/wp-json\/wp\/v2\/comments?post=8"}],"version-history":[{"count":1,"href":"https:\/\/buenosaires.wordcamp.org\/2017\/wp-json\/wp\/v2\/pages\/8\/revisions"}],"predecessor-version":[{"id":925,"href":"https:\/\/buenosaires.wordcamp.org\/2017\/wp-json\/wp\/v2\/pages\/8\/revisions\/925"}],"wp:attachment":[{"href":"https:\/\/buenosaires.wordcamp.org\/2017\/wp-json\/wp\/v2\/media?parent=8"}],"curies":[{"name":"wp","href":"https:\/\/api.w.org\/{rel}","templated":true}]}}