{"id":903,"date":"2017-06-23T16:39:34","date_gmt":"2017-06-23T16:39:34","guid":{"rendered":"https:\/\/2017.buenosaires.wordcamp.org\/?page_id=903"},"modified":"2017-06-23T17:17:46","modified_gmt":"2017-06-23T17:17:46","slug":"programa","status":"publish","type":"page","link":"https:\/\/buenosaires.wordcamp.org\/2017\/programa\/","title":{"rendered":"Programa"},"content":{"rendered":"<div class=\"page-regular\">\n<div class=\"wrapper\">\nA continuaci\u00f3n pod\u00e9s ver el programa de charlas y horarios confirmados para el s\u00e1bado 8 de julio. Vamos a contar con dos salas en simult\u00e1neo, con presentaciones dictadas por profesionales locales e internacionales de WordPress y del mundo web en general. Pod\u00e9s ver el detalle de cada charla haciendo click en su t\u00edtulo.<\/p>\n<table class=\"wcpt-schedule\" border=\"0\"><thead><tr><th class=\"wcpt-col-time\">Hora<\/th><th class=\"wcpt-col-track\"> <span class=\"wcpt-track-name\">Sala 1<\/span> <span class=\"wcpt-track-description\"><\/span> <\/th><th class=\"wcpt-col-track\"> <span class=\"wcpt-track-name\">Sala 2<\/span> <span class=\"wcpt-track-description\"><\/span> <\/th><\/tr><\/thead><tbody><tr class=\"wcpt-time-900am global-session acreditacin-y-desayuno\"><td class=\"wcpt-time\">9:00&nbsp;am<\/td><td colspan=\"2\" class=\"wcb-track-sala-1 wcb-track-sala-2 wcpt-session-type-custom wcb-session-acreditacion-y-desayuno\" data-track-title=\"Sala 1, Sala 2\" data-session-id=\"1093\"><div class=\"wcb-session-cell-content\"><span class=\"wcpt-session-title\">Acreditaci\u00f3n y desayuno<\/span><\/div><\/td><\/tr><tr class=\"wcpt-time-940am global-session presentacin\"><td class=\"wcpt-time\">9:40&nbsp;am<\/td><td colspan=\"2\" class=\"wcb-track-sala-1 wcb-track-sala-2 wcpt-session-type-custom wcb-session-presentacion\" data-track-title=\"Sala 1, Sala 2\" data-session-id=\"1146\"><div class=\"wcb-session-cell-content\"><span class=\"wcpt-session-title\">Presentaci\u00f3n<\/span><\/div><\/td><\/tr><tr class=\"wcpt-time-950am\"><td class=\"wcpt-time\">9:50&nbsp;am<\/td><td colspan=\"1\" class=\"wcb-speaker-ximena-vinitzca wcb-track-sala-1 wcpt-session-type-session wcb-session-crea-sin-saber-programar\" data-track-title=\"Sala 1\" data-session-id=\"858\"><div class=\"wcb-session-cell-content\"><a class=\"wcpt-session-title\" href=\"https:\/\/buenosaires.wordcamp.org\/2017\/session\/crea-sin-saber-programar\/\">Las manos m\u00e1gicas: cre\u00e1 sin saber programar<\/a> <span class=\"wcpt-session-speakers\"><a href=\"https:\/\/buenosaires.wordcamp.org\/2017\/speakers\/#wcorg-speaker-ximena-vinitzca\">Ximena Vinitzca<\/a><\/span><\/div><div class=\"wcb-session-favourite-icon\"><a href=\"#\" role=\"button\" class=\"fav-session-button\" aria-pressed=\"false\"><span class=\"screen-reader-text\">Sesi\u00f3n favorita: Las manos m\u00e1gicas: cre\u00e1 sin saber programar<\/span><span class=\"dashicons dashicons-star-filled\"><\/span><\/a><\/div><\/td><td colspan=\"1\" class=\"wcb-speaker-ricardo-aiello wcb-track-sala-2 wcpt-session-type-session wcb-session-wordpress-una-opcion-no-siempre-consciente\" data-track-title=\"Sala 2\" data-session-id=\"871\"><div class=\"wcb-session-cell-content\"><a class=\"wcpt-session-title\" href=\"https:\/\/buenosaires.wordcamp.org\/2017\/session\/wordpress-una-opcion-no-siempre-consciente\/\">WordPress: una opci\u00f3n (no siempre) consciente<\/a> <span class=\"wcpt-session-speakers\"><a href=\"https:\/\/buenosaires.wordcamp.org\/2017\/speakers\/#wcorg-speaker-ricardo-aiello\">Ricardo Aiello<\/a><\/span><\/div><div class=\"wcb-session-favourite-icon\"><a href=\"#\" role=\"button\" class=\"fav-session-button\" aria-pressed=\"false\"><span class=\"screen-reader-text\">Sesi\u00f3n favorita: WordPress: una opci\u00f3n (no siempre) consciente<\/span><span class=\"dashicons dashicons-star-filled\"><\/span><\/a><\/div><\/td><\/tr><tr class=\"wcpt-time-1040am\"><td class=\"wcpt-time\">10:40&nbsp;am<\/td><td colspan=\"1\" class=\"wcb-speaker-juani-ruiz-echazu wcb-track-sala-1 wcpt-session-type-session wcb-session-design-workflow\" data-track-title=\"Sala 1\" data-session-id=\"874\"><div class=\"wcb-session-cell-content\"><a class=\"wcpt-session-title\" href=\"https:\/\/buenosaires.wordcamp.org\/2017\/session\/design-workflow\/\">Design Workflow<\/a> <span class=\"wcpt-session-speakers\"><a href=\"https:\/\/buenosaires.wordcamp.org\/2017\/speakers\/#wcorg-speaker-juani-ruiz-echazu\">Juani Ruiz Echazu<\/a><\/span><\/div><div class=\"wcb-session-favourite-icon\"><a href=\"#\" role=\"button\" class=\"fav-session-button\" aria-pressed=\"false\"><span class=\"screen-reader-text\">Sesi\u00f3n favorita: Design Workflow<\/span><span class=\"dashicons dashicons-star-filled\"><\/span><\/a><\/div><\/td><td colspan=\"1\" class=\"wcb-speaker-gabriel-pleszowski wcb-track-sala-2 wcpt-session-type-session wcb-session-wp-cli-interfaz-de-comandos-de-wordpress\" data-track-title=\"Sala 2\" data-session-id=\"877\"><div class=\"wcb-session-cell-content\"><a class=\"wcpt-session-title\" href=\"https:\/\/buenosaires.wordcamp.org\/2017\/session\/wp-cli-interfaz-de-comandos-de-wordpress\/\">WP-CLI: la interfaz de comandos de WordPress<\/a> <span class=\"wcpt-session-speakers\"><a href=\"https:\/\/buenosaires.wordcamp.org\/2017\/speakers\/#wcorg-speaker-gabriel-pleszowski\">Gabriel Pleszowski<\/a><\/span><\/div><div class=\"wcb-session-favourite-icon\"><a href=\"#\" role=\"button\" class=\"fav-session-button\" aria-pressed=\"false\"><span class=\"screen-reader-text\">Sesi\u00f3n favorita: WP-CLI: la interfaz de comandos de WordPress<\/span><span class=\"dashicons dashicons-star-filled\"><\/span><\/a><\/div><\/td><\/tr><tr class=\"wcpt-time-1130am\"><td class=\"wcpt-time\">11:30&nbsp;am<\/td><td colspan=\"1\" class=\"wcb-speaker-mario-aguiar wcb-track-sala-1 wcpt-session-type-session wcb-session-el-futuro-de-javascript-en-wordpress\" data-track-title=\"Sala 1\" data-session-id=\"879\"><div class=\"wcb-session-cell-content\"><a class=\"wcpt-session-title\" href=\"https:\/\/buenosaires.wordcamp.org\/2017\/session\/el-futuro-de-javascript-en-wordpress\/\">El futuro de JavaScript en WordPress<\/a> <span class=\"wcpt-session-speakers\"><a href=\"https:\/\/buenosaires.wordcamp.org\/2017\/speakers\/#wcorg-speaker-mario-aguiar\">Mario Aguiar<\/a><\/span><\/div><div class=\"wcb-session-favourite-icon\"><a href=\"#\" role=\"button\" class=\"fav-session-button\" aria-pressed=\"false\"><span class=\"screen-reader-text\">Sesi\u00f3n favorita: El futuro de JavaScript en WordPress<\/span><span class=\"dashicons dashicons-star-filled\"><\/span><\/a><\/div><\/td><td colspan=\"1\" class=\"wcb-speaker-otto-wald wcb-track-sala-2 wcpt-session-type-session wcb-session-el-soporte-soporta-tu-negocio-wpml\" data-track-title=\"Sala 2\" data-session-id=\"881\"><div class=\"wcb-session-cell-content\"><a class=\"wcpt-session-title\" href=\"https:\/\/buenosaires.wordcamp.org\/2017\/session\/el-soporte-soporta-tu-negocio-wpml\/\">El soporte soporta tu negocio: caso de estudio de WPML<\/a> <span class=\"wcpt-session-speakers\"><a href=\"https:\/\/buenosaires.wordcamp.org\/2017\/speakers\/#wcorg-speaker-otto-wald\">Otto Wald<\/a><\/span><\/div><div class=\"wcb-session-favourite-icon\"><a href=\"#\" role=\"button\" class=\"fav-session-button\" aria-pressed=\"false\"><span class=\"screen-reader-text\">Sesi\u00f3n favorita: El soporte soporta tu negocio: caso de estudio de WPML<\/span><span class=\"dashicons dashicons-star-filled\"><\/span><\/a><\/div><\/td><\/tr><tr class=\"wcpt-time-1220pm\"><td class=\"wcpt-time\">12:20&nbsp;pm<\/td><td colspan=\"1\" class=\"wcb-speaker-rodrigo-donini wcb-track-sala-1 wcpt-session-type-session wcb-session-como-blindar-tu-sitio-wordpress\" data-track-title=\"Sala 1\" data-session-id=\"883\"><div class=\"wcb-session-cell-content\"><a class=\"wcpt-session-title\" href=\"https:\/\/buenosaires.wordcamp.org\/2017\/session\/como-blindar-tu-sitio-wordpress\/\">C\u00f3mo blindar tu sitio WordPress<\/a> <span class=\"wcpt-session-speakers\"><a href=\"https:\/\/buenosaires.wordcamp.org\/2017\/speakers\/#wcorg-speaker-rodrigo-donini\">Rodrigo Donini<\/a><\/span><\/div><div class=\"wcb-session-favourite-icon\"><a href=\"#\" role=\"button\" class=\"fav-session-button\" aria-pressed=\"false\"><span class=\"screen-reader-text\">Sesi\u00f3n favorita: C\u00f3mo blindar tu sitio WordPress<\/span><span class=\"dashicons dashicons-star-filled\"><\/span><\/a><\/div><\/td><td colspan=\"1\" class=\"wcb-speaker-miguel-lederkremer wcb-track-sala-2 wcpt-session-type-session wcb-session-wordpress-en-el-mercado-editorial\" data-track-title=\"Sala 2\" data-session-id=\"885\"><div class=\"wcb-session-cell-content\"><a class=\"wcpt-session-title\" href=\"https:\/\/buenosaires.wordcamp.org\/2017\/session\/wordpress-en-el-mercado-editorial\/\">WordPress en el mercado editorial: dos casos de \u00e9xito<\/a> <span class=\"wcpt-session-speakers\"><a href=\"https:\/\/buenosaires.wordcamp.org\/2017\/speakers\/#wcorg-speaker-miguel-lederkremer\">Miguel Lederkremer<\/a><\/span><\/div><div class=\"wcb-session-favourite-icon\"><a href=\"#\" role=\"button\" class=\"fav-session-button\" aria-pressed=\"false\"><span class=\"screen-reader-text\">Sesi\u00f3n favorita: WordPress en el mercado editorial: dos casos de \u00e9xito<\/span><span class=\"dashicons dashicons-star-filled\"><\/span><\/a><\/div><\/td><\/tr><tr class=\"wcpt-time-100pm global-session almuerzo\"><td class=\"wcpt-time\">1:00&nbsp;pm<\/td><td colspan=\"2\" class=\"wcb-track-sala-1 wcb-track-sala-2 wcpt-session-type-custom wcb-session-almuerzo\" data-track-title=\"Sala 1, Sala 2\" data-session-id=\"1096\"><div class=\"wcb-session-cell-content\"><span class=\"wcpt-session-title\">Almuerzo<\/span><\/div><\/td><\/tr><tr class=\"wcpt-time-200pm\"><td class=\"wcpt-time\">2:00&nbsp;pm<\/td><td colspan=\"1\" class=\"wcb-speaker-karen-arnold wcb-track-sala-1 wcpt-session-type-session wcb-session-trabajo-a-distancia-retos-y-oportunidades\" data-track-title=\"Sala 1\" data-session-id=\"887\"><div class=\"wcb-session-cell-content\"><a class=\"wcpt-session-title\" href=\"https:\/\/buenosaires.wordcamp.org\/2017\/session\/trabajo-a-distancia-retos-y-oportunidades\/\">Trabajo a distancia: retos y oportunidades<\/a> <span class=\"wcpt-session-speakers\"><a href=\"https:\/\/buenosaires.wordcamp.org\/2017\/speakers\/#wcorg-speaker-karen-arnold\">Karen Arnold<\/a><\/span><\/div><div class=\"wcb-session-favourite-icon\"><a href=\"#\" role=\"button\" class=\"fav-session-button\" aria-pressed=\"false\"><span class=\"screen-reader-text\">Sesi\u00f3n favorita: Trabajo a distancia: retos y oportunidades<\/span><span class=\"dashicons dashicons-star-filled\"><\/span><\/a><\/div><\/td><td colspan=\"1\" class=\"wcb-speaker-jose-maria-debuchy wcb-track-sala-2 wcpt-session-type-session wcb-session-introduccion-a-herramientas-de-roots\" data-track-title=\"Sala 2\" data-session-id=\"889\"><div class=\"wcb-session-cell-content\"><a class=\"wcpt-session-title\" href=\"https:\/\/buenosaires.wordcamp.org\/2017\/session\/introduccion-a-herramientas-de-roots\/\">Introducci\u00f3n a herramientas de Roots<\/a> <span class=\"wcpt-session-speakers\"><a href=\"https:\/\/buenosaires.wordcamp.org\/2017\/speakers\/#wcorg-speaker-jose-maria-debuchy\">Jos\u00e9 Mar\u00eda Debuchy<\/a><\/span><\/div><div class=\"wcb-session-favourite-icon\"><a href=\"#\" role=\"button\" class=\"fav-session-button\" aria-pressed=\"false\"><span class=\"screen-reader-text\">Sesi\u00f3n favorita: Introducci\u00f3n a herramientas de Roots<\/span><span class=\"dashicons dashicons-star-filled\"><\/span><\/a><\/div><\/td><\/tr><tr class=\"wcpt-time-250pm\"><td class=\"wcpt-time\">2:50&nbsp;pm<\/td><td colspan=\"1\" class=\"wcb-speaker-esteban-cervi wcb-track-sala-1 wcpt-session-type-session wcb-session-pensando-como-google-tips-seo-para-generar-trafico-organico\" data-track-title=\"Sala 1\" data-session-id=\"891\"><div class=\"wcb-session-cell-content\"><a class=\"wcpt-session-title\" href=\"https:\/\/buenosaires.wordcamp.org\/2017\/session\/pensando-como-google-tips-seo-para-generar-trafico-organico\/\">Pensando como Google: tips SEO para generar tr\u00e1fico org\u00e1nico<\/a> <span class=\"wcpt-session-speakers\"><a href=\"https:\/\/buenosaires.wordcamp.org\/2017\/speakers\/#wcorg-speaker-esteban-cervi\">Esteban Cervi<\/a><\/span><\/div><div class=\"wcb-session-favourite-icon\"><a href=\"#\" role=\"button\" class=\"fav-session-button\" aria-pressed=\"false\"><span class=\"screen-reader-text\">Sesi\u00f3n favorita: Pensando como Google: tips SEO para generar tr\u00e1fico org\u00e1nico<\/span><span class=\"dashicons dashicons-star-filled\"><\/span><\/a><\/div><\/td><td colspan=\"1\" class=\"wcb-speaker-mike-schroder wcb-track-sala-2 wcpt-session-type-session wcb-session-protegiendo-tu-presencia-web-con-wordpress\" data-track-title=\"Sala 2\" data-session-id=\"893\"><div class=\"wcb-session-cell-content\"><a class=\"wcpt-session-title\" href=\"https:\/\/buenosaires.wordcamp.org\/2017\/session\/protegiendo-tu-presencia-web-con-wordpress\/\">Protegiendo tu presencia web con WordPress<\/a> <span class=\"wcpt-session-speakers\"><a href=\"https:\/\/buenosaires.wordcamp.org\/2017\/speakers\/#wcorg-speaker-mike-schroder\">Mike Schroder<\/a><\/span><\/div><div class=\"wcb-session-favourite-icon\"><a href=\"#\" role=\"button\" class=\"fav-session-button\" aria-pressed=\"false\"><span class=\"screen-reader-text\">Sesi\u00f3n favorita: Protegiendo tu presencia web con WordPress<\/span><span class=\"dashicons dashicons-star-filled\"><\/span><\/a><\/div><\/td><\/tr><tr class=\"wcpt-time-345pm\"><td class=\"wcpt-time\">3:45&nbsp;pm<\/td><td colspan=\"1\" class=\"wcb-speaker-elio-rivero wcb-track-sala-1 wcpt-session-type-session wcb-session-plugins-con-react-y-rest-api\" data-track-title=\"Sala 1\" data-session-id=\"895\"><div class=\"wcb-session-cell-content\"><a class=\"wcpt-session-title\" href=\"https:\/\/buenosaires.wordcamp.org\/2017\/session\/plugins-con-react-y-rest-api\/\">Plugins con React y la REST API<\/a> <span class=\"wcpt-session-speakers\"><a href=\"https:\/\/buenosaires.wordcamp.org\/2017\/speakers\/#wcorg-speaker-elio-rivero\">Elio Rivero<\/a><\/span><\/div><div class=\"wcb-session-favourite-icon\"><a href=\"#\" role=\"button\" class=\"fav-session-button\" aria-pressed=\"false\"><span class=\"screen-reader-text\">Sesi\u00f3n favorita: Plugins con React y la REST API<\/span><span class=\"dashicons dashicons-star-filled\"><\/span><\/a><\/div><\/td><td colspan=\"1\" class=\"wcb-speaker-pablo-capello wcb-track-sala-2 wcpt-session-type-session wcb-session-multisites-creando-una-red-de-sitios-con-wordpress\" data-track-title=\"Sala 2\" data-session-id=\"897\"><div class=\"wcb-session-cell-content\"><a class=\"wcpt-session-title\" href=\"https:\/\/buenosaires.wordcamp.org\/2017\/session\/multisites-creando-una-red-de-sitios-con-wordpress\/\">Multisites: creando una red de sitios con WordPress<\/a> <span class=\"wcpt-session-speakers\"><a href=\"https:\/\/buenosaires.wordcamp.org\/2017\/speakers\/#wcorg-speaker-pablo-capello\">Pablo Capello<\/a><\/span><\/div><div class=\"wcb-session-favourite-icon\"><a href=\"#\" role=\"button\" class=\"fav-session-button\" aria-pressed=\"false\"><span class=\"screen-reader-text\">Sesi\u00f3n favorita: Multisites: creando una red de sitios con WordPress<\/span><span class=\"dashicons dashicons-star-filled\"><\/span><\/a><\/div><\/td><\/tr><tr class=\"wcpt-time-440pm\"><td class=\"wcpt-time\">4:40&nbsp;pm<\/td><td colspan=\"1\" class=\"wcb-speaker-andres-villarreal wcb-track-sala-1 wcpt-session-type-session wcb-session-definiciones-en-desarrollo-web\" data-track-title=\"Sala 1\" data-session-id=\"899\"><div class=\"wcb-session-cell-content\"><a class=\"wcpt-session-title\" href=\"https:\/\/buenosaires.wordcamp.org\/2017\/session\/definiciones-en-desarrollo-web\/\">Definiciones en desarrollo web: c\u00f3mo trabajar sobre WordPress<\/a> <span class=\"wcpt-session-speakers\"><a href=\"https:\/\/buenosaires.wordcamp.org\/2017\/speakers\/#wcorg-speaker-andres-villarreal\">Andr\u00e9s Villarreal<\/a><\/span><\/div><div class=\"wcb-session-favourite-icon\"><a href=\"#\" role=\"button\" class=\"fav-session-button\" aria-pressed=\"false\"><span class=\"screen-reader-text\">Sesi\u00f3n favorita: Definiciones en desarrollo web: c\u00f3mo trabajar sobre WordPress<\/span><span class=\"dashicons dashicons-star-filled\"><\/span><\/a><\/div><\/td><td colspan=\"1\" class=\"wcb-speaker-pablo-croci wcb-track-sala-2 wcpt-session-type-session wcb-session-7-claves-para-romperla-con-tus-contenidos-digitales\" data-track-title=\"Sala 2\" data-session-id=\"901\"><div class=\"wcb-session-cell-content\"><a class=\"wcpt-session-title\" href=\"https:\/\/buenosaires.wordcamp.org\/2017\/session\/7-claves-para-romperla-con-tus-contenidos-digitales\/\">7 claves para romperla con tus contenidos digitales<\/a> <span class=\"wcpt-session-speakers\"><a href=\"https:\/\/buenosaires.wordcamp.org\/2017\/speakers\/#wcorg-speaker-pablo-croci\">Pablo Croci<\/a><\/span><\/div><div class=\"wcb-session-favourite-icon\"><a href=\"#\" role=\"button\" class=\"fav-session-button\" aria-pressed=\"false\"><span class=\"screen-reader-text\">Sesi\u00f3n favorita: 7 claves para romperla con tus contenidos digitales<\/span><span class=\"dashicons dashicons-star-filled\"><\/span><\/a><\/div><\/td><\/tr><tr class=\"wcpt-time-520pm global-session cierre\"><td class=\"wcpt-time\">5:20&nbsp;pm<\/td><td colspan=\"2\" class=\"wcb-track-sala-1 wcb-track-sala-2 wcpt-session-type-custom wcb-session-cierre\" data-track-title=\"Sala 1, Sala 2\" data-session-id=\"1098\"><div class=\"wcb-session-cell-content\"><span class=\"wcpt-session-title\">Cierre<\/span><\/div><\/td><\/tr><tr class=\"wcpt-time-600pm global-session after-party\"><td class=\"wcpt-time\">6:00&nbsp;pm<\/td><td colspan=\"2\" class=\"wcb-track-sala-1 wcb-track-sala-2 wcpt-session-type-custom wcb-session-after-party\" data-track-title=\"Sala 1, Sala 2\" data-session-id=\"1100\"><div class=\"wcb-session-cell-content\"><span class=\"wcpt-session-title\">After Party<\/span><\/div><\/td><\/tr><\/tbody><\/table>\n\t<div class=\"email-form fav-session-email-form-hide\">\n\t\t<!-- Tab links -->\n\t\t<div class=\"fav-session-share-tab\">\n\t\t\t\t\t\t\t<div class=\"fav-session-tablinks\" id=\"fav-session-btn-email\">\n\t\t\t\t\tCorreo electr\u00f3nico\t\t\t\t<\/div>\n\t\t\t\n\t\t\t<div class=\"fav-session-tablinks\" id=\"fav-session-btn-link\">\n\t\t\t\tEnlace\t\t\t<\/div>\n\n\t\t\t<div class=\"fav-session-tablinks\" id=\"fav-session-btn-print\">\n\t\t\t\tImprimir\t\t\t<\/div>\n\t\t<\/div>\n\n\t\t<!-- Tab content -->\n\t\t\t\t\t<div id=\"fav-session-tab-email\" class=\"fav-session-share-tabcontent\">\n\t\t\t\t<div id=\"fav-session-email-form\">\n\t\t\t\t\tEnv\u00edame mis sesiones favoritas:\n\t\t\t\t\t<form id=\"fav-sessions-form\">\n\t\t\t\t\t\t<input\n\t\t\t\t\t\t\ttype=\"text\"\n\t\t\t\t\t\t\tname=\"email_address\"\n\t\t\t\t\t\t\tid=\"fav-sessions-email-address\"\n\t\t\t\t\t\t\tplaceholder=\"me@protonmail.com\"\n\t\t\t\t\t\t\/>\n\t\t\t\t\t\t<input type=\"submit\" value=\"Enviar\" \/>\n\t\t\t\t\t<\/form>\n\t\t\t\t<\/div>\n\n\t\t\t\t<div class=\"fav-session-email-wait-spinner\"><\/div>\n\t\t\t\t<div class=\"fav-session-email-result\"><\/div>\n\t\t\t<\/div>\n\t\t\n\t\t<div id=\"fav-session-tab-link\" class=\"fav-session-share-tabcontent\">\n\t\t\tEnlace compartible:\t\t\t<br \/>\n\t\t\t<a id=\"fav-sessions-link\" href=\"\"><\/a>\n\t\t<\/div>\n\n\t\t<div id=\"fav-session-tab-print\" class=\"fav-session-share-tabcontent\">\n\t\t\t<button id=\"fav-session-print\">\n\t\t\t\tImprimir sesiones favoritas\t\t\t<\/button>\n\t\t<\/div>\n\t<\/div>\n\n\t<a class=\"show-email-form\" href=\"javascript:\">\n\t\t<span class=\"dashicons dashicons-star-filled\"><\/span>\n\t\t<span class=\"dashicons dashicons-email-alt\"><\/span>\n\t<\/a>\n\n\t\n<p>El programa y el contenido de las charlas est\u00e1n sujetos a modificaciones.\n<\/p><\/div>\n<\/div>\n","protected":false},"excerpt":{"rendered":"<p>A continuaci\u00f3n pod\u00e9s ver el programa de charlas y horarios confirmados para el s\u00e1bado 8 de julio. Vamos a contar con dos salas en simult\u00e1neo, con presentaciones dictadas por profesionales locales e internacionales de WordPress y del mundo web en general. Pod\u00e9s ver el detalle de cada charla haciendo click en su t\u00edtulo. El programa &hellip; <\/p>\n<p class=\"link-more\"><a href=\"https:\/\/buenosaires.wordcamp.org\/2017\/programa\/\" class=\"more-link\">Continuar leyendo<span class=\"screen-reader-text\"> \u00abPrograma\u00bb<\/span><\/a><\/p>\n","protected":false},"author":7443382,"featured_media":0,"parent":0,"menu_order":0,"comment_status":"closed","ping_status":"closed","template":"","meta":{"jetpack_post_was_ever_published":false,"footnotes":""},"class_list":["post-903","page","type-page","status-publish","hentry"],"jetpack_sharing_enabled":true,"jetpack_shortlink":"https:\/\/wp.me\/P88QxZ-ez","_links":{"self":[{"href":"https:\/\/buenosaires.wordcamp.org\/2017\/wp-json\/wp\/v2\/pages\/903","targetHints":{"allow":["GET"]}}],"collection":[{"href":"https:\/\/buenosaires.wordcamp.org\/2017\/wp-json\/wp\/v2\/pages"}],"about":[{"href":"https:\/\/buenosaires.wordcamp.org\/2017\/wp-json\/wp\/v2\/types\/page"}],"author":[{"embeddable":true,"href":"https:\/\/buenosaires.wordcamp.org\/2017\/wp-json\/wp\/v2\/users\/7443382"}],"replies":[{"embeddable":true,"href":"https:\/\/buenosaires.wordcamp.org\/2017\/wp-json\/wp\/v2\/comments?post=903"}],"version-history":[{"count":4,"href":"https:\/\/buenosaires.wordcamp.org\/2017\/wp-json\/wp\/v2\/pages\/903\/revisions"}],"predecessor-version":[{"id":917,"href":"https:\/\/buenosaires.wordcamp.org\/2017\/wp-json\/wp\/v2\/pages\/903\/revisions\/917"}],"wp:attachment":[{"href":"https:\/\/buenosaires.wordcamp.org\/2017\/wp-json\/wp\/v2\/media?parent=903"}],"curies":[{"name":"wp","href":"https:\/\/api.w.org\/{rel}","templated":true}]}}